{"id":5384,"date":"2025-02-26T20:24:34","date_gmt":"2025-02-26T19:24:34","guid":{"rendered":"https:\/\/njordadventures.com\/personvernerklaering\/"},"modified":"2025-07-31T23:54:17","modified_gmt":"2025-07-31T22:54:17","slug":"personvernerklaering","status":"publish","type":"page","link":"https:\/\/njordadventures.com\/no\/personvernerklaering\/","title":{"rendered":"Personvernerkl\u00e6ring"},"content":{"rendered":"\t\t<div data-elementor-type=\"wp-page\" data-elementor-id=\"5384\" class=\"elementor elementor-5384 elementor-3\" data-elementor-post-type=\"page\">\n\t\t\t\t<div class=\"elementor-element elementor-element-35c57db5 e-flex e-con-boxed syd-sticky-section-no e-con e-parent\" data-id=\"35c57db5\" data-element_type=\"container\" data-e-type=\"container\">\n\t\t\t\t\t<div class=\"e-con-inner\">\n\t\t\t\t<div class=\"elementor-element elementor-element-31112ac syd-sticky-section-no elementor-widget elementor-widget-heading\" data-id=\"31112ac\" data-element_type=\"widget\" data-e-type=\"widget\" data-widget_type=\"heading.default\">\n\t\t\t\t<div class=\"elementor-widget-container\">\n\t\t\t\t\t<h5 class=\"elementor-heading-title elementor-size-default\">OPPSUMMERING<\/h5>\t\t\t\t<\/div>\n\t\t\t\t<\/div>\n\t\t\t\t<div class=\"elementor-element elementor-element-c07ae81 elementor-widget-divider--view-line syd-sticky-section-no elementor-widget elementor-widget-divider\" data-id=\"c07ae81\" data-element_type=\"widget\" data-e-type=\"widget\" data-widget_type=\"divider.default\">\n\t\t\t\t<div class=\"elementor-widget-container\">\n\t\t\t\t\t\t\t<div class=\"elementor-divider\">\n\t\t\t<span class=\"elementor-divider-separator\">\n\t\t\t\t\t\t<\/span>\n\t\t<\/div>\n\t\t\t\t\t\t<\/div>\n\t\t\t\t<\/div>\n\t\t\t\t<div class=\"elementor-element elementor-element-7b06173 syd-sticky-section-no elementor-widget elementor-widget-text-editor\" data-id=\"7b06173\" data-element_type=\"widget\" data-e-type=\"widget\" data-widget_type=\"text-editor.default\">\n\t\t\t\t<div class=\"elementor-widget-container\">\n\t\t\t\t\t\t\t\t\t<ul>\n<li><em>Vi selger ingen informasjon som samles inn p\u00e5 v\u00e5r nettside eller gjennom e-post, SMS, WhatsApp eller andre kommunikasjonskanaler.<\/em><\/li>\n<li><em>Vi bruker imidlertid Google Analytics for \u00e5 spore din aktivitet p\u00e5 nettsiden v\u00e5r, men vi tillater ikke at Google deler denne informasjonen med tredjepart. Du kan velge \u00e5 avsl\u00e5 sporing i informasjonsvinduet for informasjonskapsler (cookie consent).  <\/em><\/li>\n<li><em>Vi bruker <a href=\"https:\/\/bookspot.io\/\">BookSpot<\/a>, en svensk eid bookingtjeneste som fullt ut f\u00f8lger GDPR, og som vi stoler p\u00e5 behandler dine personopplysninger p\u00e5 en trygg og god m\u00e5te.<\/em><\/li>\n<\/ul>\n<p> <\/p>\t\t\t\t\t\t\t\t<\/div>\n\t\t\t\t<\/div>\n\t\t\t\t<div class=\"elementor-element elementor-element-f36bc76 syd-sticky-section-no elementor-widget elementor-widget-heading\" data-id=\"f36bc76\" data-element_type=\"widget\" data-e-type=\"widget\" data-widget_type=\"heading.default\">\n\t\t\t\t<div class=\"elementor-widget-container\">\n\t\t\t\t\t<h5 class=\"elementor-heading-title elementor-size-default\">HVEM ER VI<\/h5>\t\t\t\t<\/div>\n\t\t\t\t<\/div>\n\t\t\t\t<div class=\"elementor-element elementor-element-6befd63 elementor-widget-divider--view-line syd-sticky-section-no elementor-widget elementor-widget-divider\" data-id=\"6befd63\" data-element_type=\"widget\" data-e-type=\"widget\" data-widget_type=\"divider.default\">\n\t\t\t\t<div class=\"elementor-widget-container\">\n\t\t\t\t\t\t\t<div class=\"elementor-divider\">\n\t\t\t<span class=\"elementor-divider-separator\">\n\t\t\t\t\t\t<\/span>\n\t\t<\/div>\n\t\t\t\t\t\t<\/div>\n\t\t\t\t<\/div>\n\t\t\t\t<div class=\"elementor-element elementor-element-68926a3 syd-sticky-section-no elementor-widget elementor-widget-text-editor\" data-id=\"68926a3\" data-element_type=\"widget\" data-e-type=\"widget\" data-widget_type=\"text-editor.default\">\n\t\t\t\t<div class=\"elementor-widget-container\">\n\t\t\t\t\t\t\t\t\t<ul>\n<li>Firmanavn: Njord Adventure AS<\/li>\n<li>Org. nr: 935188849MVA <\/li>\n<li>Nettside: https:\/\/njordadventures.com<\/li>\n<\/ul>\n<p><\/p>\t\t\t\t\t\t\t\t<\/div>\n\t\t\t\t<\/div>\n\t\t\t\t<div class=\"elementor-element elementor-element-0367f7b syd-sticky-section-no elementor-widget elementor-widget-heading\" data-id=\"0367f7b\" data-element_type=\"widget\" data-e-type=\"widget\" data-widget_type=\"heading.default\">\n\t\t\t\t<div class=\"elementor-widget-container\">\n\t\t\t\t\t<h5 class=\"elementor-heading-title elementor-size-default\">KOMMENTARER<\/h5>\t\t\t\t<\/div>\n\t\t\t\t<\/div>\n\t\t\t\t<div class=\"elementor-element elementor-element-a5890af elementor-widget-divider--view-line syd-sticky-section-no elementor-widget elementor-widget-divider\" data-id=\"a5890af\" data-element_type=\"widget\" data-e-type=\"widget\" data-widget_type=\"divider.default\">\n\t\t\t\t<div class=\"elementor-widget-container\">\n\t\t\t\t\t\t\t<div class=\"elementor-divider\">\n\t\t\t<span class=\"elementor-divider-separator\">\n\t\t\t\t\t\t<\/span>\n\t\t<\/div>\n\t\t\t\t\t\t<\/div>\n\t\t\t\t<\/div>\n\t\t\t\t<div class=\"elementor-element elementor-element-90304bc syd-sticky-section-no elementor-widget elementor-widget-text-editor\" data-id=\"90304bc\" data-element_type=\"widget\" data-e-type=\"widget\" data-widget_type=\"text-editor.default\">\n\t\t\t\t<div class=\"elementor-widget-container\">\n\t\t\t\t\t\t\t\t\t\n<p>N\u00e5r bes\u00f8kende legger igjen kommentarer p\u00e5 siden, samler vi inn data som vises i kommentarskjemaet, samt bes\u00f8kendes IP-adresse og nettleserens brukeragent for \u00e5 hjelpe med spamdeteksjon.<\/p>\n\n<p>En anonymisert streng laget fra e-postadressen din (ogs\u00e5 kalt en hash) kan bli sendt til Gravatar-tjenesten for \u00e5 sjekke om du bruker den. Gravatar-tjenestens personvernerkl\u00e6ring finner du her: https:\/\/automattic.com\/privacy\/. Etter at kommentaren din er godkjent, vil profilbildet ditt v\u00e6re synlig for publikum i forbindelse med kommentaren. <\/p>\n\t\t\t\t\t\t\t\t<\/div>\n\t\t\t\t<\/div>\n\t\t\t\t<div class=\"elementor-element elementor-element-e2fa11f syd-sticky-section-no elementor-widget elementor-widget-heading\" data-id=\"e2fa11f\" data-element_type=\"widget\" data-e-type=\"widget\" data-widget_type=\"heading.default\">\n\t\t\t\t<div class=\"elementor-widget-container\">\n\t\t\t\t\t<h5 class=\"elementor-heading-title elementor-size-default\">COOKIES<\/h5>\t\t\t\t<\/div>\n\t\t\t\t<\/div>\n\t\t\t\t<div class=\"elementor-element elementor-element-451d1bf elementor-widget-divider--view-line syd-sticky-section-no elementor-widget elementor-widget-divider\" data-id=\"451d1bf\" data-element_type=\"widget\" data-e-type=\"widget\" data-widget_type=\"divider.default\">\n\t\t\t\t<div class=\"elementor-widget-container\">\n\t\t\t\t\t\t\t<div class=\"elementor-divider\">\n\t\t\t<span class=\"elementor-divider-separator\">\n\t\t\t\t\t\t<\/span>\n\t\t<\/div>\n\t\t\t\t\t\t<\/div>\n\t\t\t\t<\/div>\n\t\t\t\t<div class=\"elementor-element elementor-element-a4453ce syd-sticky-section-no elementor-widget elementor-widget-text-editor\" data-id=\"a4453ce\" data-element_type=\"widget\" data-e-type=\"widget\" data-widget_type=\"text-editor.default\">\n\t\t\t\t<div class=\"elementor-widget-container\">\n\t\t\t\t\t\t\t\t\t\n<p>Hvis du legger igjen en kommentar p\u00e5 siden v\u00e5r, kan du velge \u00e5 lagre navn, e-postadresse og nettside i informasjonskapsler (cookies). Dette er for din bekvemmelighet, slik at du slipper \u00e5 fylle inn opplysningene p\u00e5 nytt n\u00e5r du legger igjen en ny kommentar. Disse informasjonskapslene varer i ett \u00e5r.  <\/p>\n\t\t\t\t\t\t\t\t<\/div>\n\t\t\t\t<\/div>\n\t\t\t\t<div class=\"elementor-element elementor-element-bd7cccb syd-sticky-section-no elementor-widget elementor-widget-heading\" data-id=\"bd7cccb\" data-element_type=\"widget\" data-e-type=\"widget\" data-widget_type=\"heading.default\">\n\t\t\t\t<div class=\"elementor-widget-container\">\n\t\t\t\t\t<h5 class=\"elementor-heading-title elementor-size-default\">V\u00c5RT BOOKINGSYSTEM : Bookspot<\/h5>\t\t\t\t<\/div>\n\t\t\t\t<\/div>\n\t\t\t\t<div class=\"elementor-element elementor-element-7848969 elementor-widget-divider--view-line syd-sticky-section-no elementor-widget elementor-widget-divider\" data-id=\"7848969\" data-element_type=\"widget\" data-e-type=\"widget\" data-widget_type=\"divider.default\">\n\t\t\t\t<div class=\"elementor-widget-container\">\n\t\t\t\t\t\t\t<div class=\"elementor-divider\">\n\t\t\t<span class=\"elementor-divider-separator\">\n\t\t\t\t\t\t<\/span>\n\t\t<\/div>\n\t\t\t\t\t\t<\/div>\n\t\t\t\t<\/div>\n\t\t\t\t<div class=\"elementor-element elementor-element-b4a2a99 syd-sticky-section-no elementor-widget elementor-widget-text-editor\" data-id=\"b4a2a99\" data-element_type=\"widget\" data-e-type=\"widget\" data-widget_type=\"text-editor.default\">\n\t\t\t\t<div class=\"elementor-widget-container\">\n\t\t\t\t\t\t\t\t\t<p>Vi bruker BookSpot som v\u00e5rt bookingsystem.&nbsp;Med utgangspunkt i grunnleggernes egen erfaring med \u00e5 drifte L\u00e5ngholmen Kajak i Stockholm, ble BookSpot utviklet for \u00e5 l\u00f8se utfordringene med bookingh\u00e5ndtering.&nbsp;BookSpot er et lite, kundeorientert selskap \u2013 akkurat som oss, og derfor bruker vi dem.<\/p>\n<p>BookSpot verdsetter personvern og h\u00e5ndterer personopplysninger p\u00e5 en ansvarlig m\u00e5te. De samler kun inn n\u00f8dvendig informasjon for \u00e5 levere sine tjenester, lagrer data sikkert, og deler ikke informasjon med tredjeparter med mindre det kreves ved lov eller er n\u00f8dvendig for tjenestens funksjonalitet. Brukere har rettigheter til \u00e5 f\u00e5 tilgang til, endre eller slette sine data i henhold til gjeldende personvernregler.  <\/p>\n<p><a href=\"https:\/\/bookspot.io\/en\/privacy-policy\/\">Du kan lese BookSpots fullstendige personvernerkl\u00e6ring her.<\/a>&nbsp;<\/p>\t\t\t\t\t\t\t\t<\/div>\n\t\t\t\t<\/div>\n\t\t\t\t<div class=\"elementor-element elementor-element-24ae15d syd-sticky-section-no elementor-widget elementor-widget-heading\" data-id=\"24ae15d\" data-element_type=\"widget\" data-e-type=\"widget\" data-widget_type=\"heading.default\">\n\t\t\t\t<div class=\"elementor-widget-container\">\n\t\t\t\t\t<h5 class=\"elementor-heading-title elementor-size-default\">Innebygd innhold fra andre nettsteder<\/h5>\t\t\t\t<\/div>\n\t\t\t\t<\/div>\n\t\t\t\t<div class=\"elementor-element elementor-element-b43a5e3 elementor-widget-divider--view-line syd-sticky-section-no elementor-widget elementor-widget-divider\" data-id=\"b43a5e3\" data-element_type=\"widget\" data-e-type=\"widget\" data-widget_type=\"divider.default\">\n\t\t\t\t<div class=\"elementor-widget-container\">\n\t\t\t\t\t\t\t<div class=\"elementor-divider\">\n\t\t\t<span class=\"elementor-divider-separator\">\n\t\t\t\t\t\t<\/span>\n\t\t<\/div>\n\t\t\t\t\t\t<\/div>\n\t\t\t\t<\/div>\n\t\t\t\t<div class=\"elementor-element elementor-element-b277a64 syd-sticky-section-no elementor-widget elementor-widget-text-editor\" data-id=\"b277a64\" data-element_type=\"widget\" data-e-type=\"widget\" data-widget_type=\"text-editor.default\">\n\t\t\t\t<div class=\"elementor-widget-container\">\n\t\t\t\t\t\t\t\t\t<p>Artikler p\u00e5 denne siden kan inneholde innebygd innhold (f.eks. videoer, bilder, artikler osv.). Innebygd innhold fra andre nettsteder oppf\u00f8rer seg p\u00e5 n\u00f8yaktig samme m\u00e5te som om bes\u00f8kende hadde bes\u00f8kt det andre nettstedet. <\/p>\n<ul>\n<li>Vi bruker innebygde videoer fra <a href=\"https:\/\/vimeo.com\/privacy\" target=\"_blank\" rel=\"noopener\">Vimeo<\/a> <\/li>\n<li>Vi bruker innebygde bilder fra <a href=\"https:\/\/privacycenter.instagram.com\/policy\" target=\"_blank\" rel=\"noopener\">Instagram<\/a><\/li>\n<\/ul>\n<p><\/p>\n<p>Disse nettstedene kan samle inn data om deg, bruke informasjonskapsler, legge inn ekstra tredjeparts-sporing, og overv\u00e5ke hvordan du interagerer med det innebygde innholdet, inkludert sporing av din aktivitet hvis du har en konto og er logget inn p\u00e5 det nettstedet.<\/p>\n<p><\/p>\t\t\t\t\t\t\t\t<\/div>\n\t\t\t\t<\/div>\n\t\t\t\t<div class=\"elementor-element elementor-element-15d56fc syd-sticky-section-no elementor-widget elementor-widget-heading\" data-id=\"15d56fc\" data-element_type=\"widget\" data-e-type=\"widget\" data-widget_type=\"heading.default\">\n\t\t\t\t<div class=\"elementor-widget-container\">\n\t\t\t\t\t<h5 class=\"elementor-heading-title elementor-size-default\">HVEM VI DELER DINE DATA MED<\/h5>\t\t\t\t<\/div>\n\t\t\t\t<\/div>\n\t\t\t\t<div class=\"elementor-element elementor-element-6217ea0 elementor-widget-divider--view-line syd-sticky-section-no elementor-widget elementor-widget-divider\" data-id=\"6217ea0\" data-element_type=\"widget\" data-e-type=\"widget\" data-widget_type=\"divider.default\">\n\t\t\t\t<div class=\"elementor-widget-container\">\n\t\t\t\t\t\t\t<div class=\"elementor-divider\">\n\t\t\t<span class=\"elementor-divider-separator\">\n\t\t\t\t\t\t<\/span>\n\t\t<\/div>\n\t\t\t\t\t\t<\/div>\n\t\t\t\t<\/div>\n\t\t\t\t<div class=\"elementor-element elementor-element-b7bc5f3 syd-sticky-section-no elementor-widget elementor-widget-text-editor\" data-id=\"b7bc5f3\" data-element_type=\"widget\" data-e-type=\"widget\" data-widget_type=\"text-editor.default\">\n\t\t\t\t<div class=\"elementor-widget-container\">\n\t\t\t\t\t\t\t\t\t<p>Vi bruker Google Analytics for &nbsp; \u00e5 f\u00e5 bedre innsikt i hvordan nettstedet brukes, og for \u00e5 analysere hvordan v\u00e5re nettannonser fungerer. Google har tilgang til IP-adressen din fra v\u00e5r side og kan legge en informasjonskapsel (cookie) i nettleseren din for \u00e5 spore din aktivitet p\u00e5 nettstedet v\u00e5rt.<\/p>\n<p><\/p>\n<p><strong>Vi selger ingen personopplysninger som navn, telefonnumre eller e-postadresser til noen!<\/strong><\/p>\n<p><\/p>\t\t\t\t\t\t\t\t<\/div>\n\t\t\t\t<\/div>\n\t\t\t\t<div class=\"elementor-element elementor-element-10e72dd syd-sticky-section-no elementor-widget elementor-widget-heading\" data-id=\"10e72dd\" data-element_type=\"widget\" data-e-type=\"widget\" data-widget_type=\"heading.default\">\n\t\t\t\t<div class=\"elementor-widget-container\">\n\t\t\t\t\t<h5 class=\"elementor-heading-title elementor-size-default\">Hvor lenge vi lagrer dine data<\/h5>\t\t\t\t<\/div>\n\t\t\t\t<\/div>\n\t\t\t\t<div class=\"elementor-element elementor-element-1c1c3d3 elementor-widget-divider--view-line syd-sticky-section-no elementor-widget elementor-widget-divider\" data-id=\"1c1c3d3\" data-element_type=\"widget\" data-e-type=\"widget\" data-widget_type=\"divider.default\">\n\t\t\t\t<div class=\"elementor-widget-container\">\n\t\t\t\t\t\t\t<div class=\"elementor-divider\">\n\t\t\t<span class=\"elementor-divider-separator\">\n\t\t\t\t\t\t<\/span>\n\t\t<\/div>\n\t\t\t\t\t\t<\/div>\n\t\t\t\t<\/div>\n\t\t\t\t<div class=\"elementor-element elementor-element-5418fef syd-sticky-section-no elementor-widget elementor-widget-text-editor\" data-id=\"5418fef\" data-element_type=\"widget\" data-e-type=\"widget\" data-widget_type=\"text-editor.default\">\n\t\t\t\t<div class=\"elementor-widget-container\">\n\t\t\t\t\t\t\t\t\t<p>Hvis du legger igjen en kommentar, blir kommentaren og tilh\u00f8rende metadata lagret p\u00e5 ubestemt tid. Dette gj\u00f8r vi for \u00e5 kunne gjenkjenne og automatisk godkjenne eventuelle oppf\u00f8lgingskommentarer, i stedet for \u00e5 sette dem i en ventek\u00f8 for moderering. <\/p>\n<p><\/p>\n<p>For brukere som registrerer seg p\u00e5 nettstedet v\u00e5rt (hvis aktuelt), lagrer vi ogs\u00e5 personopplysningene de oppgir i sin brukerprofil. Alle brukere kan n\u00e5r som helst se, redigere eller slette sine personopplysninger. Nettstedsadministratorer kan ogs\u00e5 se og redigere denne informasjonen.  <\/p>\n<p><\/p>\t\t\t\t\t\t\t\t<\/div>\n\t\t\t\t<\/div>\n\t\t\t\t<div class=\"elementor-element elementor-element-620257e syd-sticky-section-no elementor-widget elementor-widget-heading\" data-id=\"620257e\" data-element_type=\"widget\" data-e-type=\"widget\" data-widget_type=\"heading.default\">\n\t\t\t\t<div class=\"elementor-widget-container\">\n\t\t\t\t\t<h5 class=\"elementor-heading-title elementor-size-default\">Hvilke rettigheter du har over dine data<\/h5>\t\t\t\t<\/div>\n\t\t\t\t<\/div>\n\t\t\t\t<div class=\"elementor-element elementor-element-07bc41c elementor-widget-divider--view-line syd-sticky-section-no elementor-widget elementor-widget-divider\" data-id=\"07bc41c\" data-element_type=\"widget\" data-e-type=\"widget\" data-widget_type=\"divider.default\">\n\t\t\t\t<div class=\"elementor-widget-container\">\n\t\t\t\t\t\t\t<div class=\"elementor-divider\">\n\t\t\t<span class=\"elementor-divider-separator\">\n\t\t\t\t\t\t<\/span>\n\t\t<\/div>\n\t\t\t\t\t\t<\/div>\n\t\t\t\t<\/div>\n\t\t\t\t<div class=\"elementor-element elementor-element-bdc4e9d syd-sticky-section-no elementor-widget elementor-widget-text-editor\" data-id=\"bdc4e9d\" data-element_type=\"widget\" data-e-type=\"widget\" data-widget_type=\"text-editor.default\">\n\t\t\t\t<div class=\"elementor-widget-container\">\n\t\t\t\t\t\t\t\t\t\n<p>Hvis du har en konto p\u00e5 dette nettstedet, eller har lagt igjen kommentarer, kan du be oss om \u00e5 slette personopplysninger vi har om deg. Dette inkluderer ikke data vi er p\u00e5lagt \u00e5 beholde av juridiske \u00e5rsaker. <\/p>\n\t\t\t\t\t\t\t\t<\/div>\n\t\t\t\t<\/div>\n\t\t\t\t<div class=\"elementor-element elementor-element-6007651 syd-sticky-section-no elementor-widget elementor-widget-button\" data-id=\"6007651\" data-element_type=\"widget\" data-e-type=\"widget\" data-widget_type=\"button.default\">\n\t\t\t\t<div class=\"elementor-widget-container\">\n\t\t\t\t\t\t\t\t\t<div class=\"elementor-button-wrapper\">\n\t\t\t\t\t<a class=\"elementor-button elementor-button-link elementor-size-sm\" href=\"https:\/\/njordadventures.com\/no\/kontakt\/\">\n\t\t\t\t\t\t<span class=\"elementor-button-content-wrapper\">\n\t\t\t\t\t\t\t\t\t<span class=\"elementor-button-text\">Kontakt oss<\/span>\n\t\t\t\t\t<\/span>\n\t\t\t\t\t<\/a>\n\t\t\t\t<\/div>\n\t\t\t\t\t\t\t\t<\/div>\n\t\t\t\t<\/div>\n\t\t\t\t<div class=\"elementor-element elementor-element-dbe6d15 syd-sticky-section-no elementor-widget elementor-widget-spacer\" data-id=\"dbe6d15\" data-element_type=\"widget\" data-e-type=\"widget\" data-widget_type=\"spacer.default\">\n\t\t\t\t<div class=\"elementor-widget-container\">\n\t\t\t\t\t\t\t<div class=\"elementor-spacer\">\n\t\t\t<div class=\"elementor-spacer-inner\"><\/div>\n\t\t<\/div>\n\t\t\t\t\t\t<\/div>\n\t\t\t\t<\/div>\n\t\t\t\t\t<\/div>\n\t\t\t\t<\/div>\n\t\t\t\t<\/div>\n\t\t","protected":false},"excerpt":{"rendered":"<p>OPPSUMMERING Vi selger ingen informasjon som samles inn p\u00e5 v\u00e5r nettside eller gjennom e-post, SMS, WhatsApp eller andre kommunikasjonskanaler. Vi bruker imidlertid Google Analytics for \u00e5 spore din aktivitet p\u00e5 nettsiden v\u00e5r, men vi tillater ikke at Google deler [&hellip;]<\/p>\n","protected":false},"author":1,"featured_media":5057,"parent":0,"menu_order":0,"comment_status":"closed","ping_status":"open","template":"","meta":{"footnotes":""},"class_list":["post-5384","page","type-page","status-publish","has-post-thumbnail","hentry"],"_links":{"self":[{"href":"https:\/\/njordadventures.com\/no\/wp-json\/wp\/v2\/pages\/5384","targetHints":{"allow":["GET"]}}],"collection":[{"href":"https:\/\/njordadventures.com\/no\/wp-json\/wp\/v2\/pages"}],"about":[{"href":"https:\/\/njordadventures.com\/no\/wp-json\/wp\/v2\/types\/page"}],"author":[{"embeddable":true,"href":"https:\/\/njordadventures.com\/no\/wp-json\/wp\/v2\/users\/1"}],"replies":[{"embeddable":true,"href":"https:\/\/njordadventures.com\/no\/wp-json\/wp\/v2\/comments?post=5384"}],"version-history":[{"count":0,"href":"https:\/\/njordadventures.com\/no\/wp-json\/wp\/v2\/pages\/5384\/revisions"}],"wp:featuredmedia":[{"embeddable":true,"href":"https:\/\/njordadventures.com\/no\/wp-json\/wp\/v2\/media\/5057"}],"wp:attachment":[{"href":"https:\/\/njordadventures.com\/no\/wp-json\/wp\/v2\/media?parent=5384"}],"curies":[{"name":"wp","href":"https:\/\/api.w.org\/{rel}","templated":true}]}}