{"id":5373,"date":"2025-03-23T22:44:32","date_gmt":"2025-03-23T21:44:32","guid":{"rendered":"https:\/\/njordadventures.com\/vilkar-betingelser\/"},"modified":"2025-07-31T23:31:14","modified_gmt":"2025-07-31T22:31:14","slug":"vilkar-betingelser","status":"publish","type":"page","link":"https:\/\/njordadventures.com\/no\/vilkar-betingelser\/","title":{"rendered":"Vilk\u00e5r og betingelser"},"content":{"rendered":"\t\t<div data-elementor-type=\"wp-page\" data-elementor-id=\"5373\" class=\"elementor elementor-5373 elementor-4039\" data-elementor-post-type=\"page\">\n\t\t\t\t<div class=\"elementor-element elementor-element-659f352 e-flex e-con-boxed syd-sticky-section-no e-con e-parent\" data-id=\"659f352\" data-element_type=\"container\" data-e-type=\"container\">\n\t\t\t\t\t<div class=\"e-con-inner\">\n\t\t\t\t<div class=\"elementor-element elementor-element-debcf3b syd-sticky-section-no elementor-widget elementor-widget-heading\" data-id=\"debcf3b\" data-element_type=\"widget\" data-e-type=\"widget\" data-widget_type=\"heading.default\">\n\t\t\t\t<div class=\"elementor-widget-container\">\n\t\t\t\t\t<h5 class=\"elementor-heading-title elementor-size-default\">Vilk\u00e5r og betingelser for Njord Adventures AS:<\/h5>\t\t\t\t<\/div>\n\t\t\t\t<\/div>\n\t\t\t\t<div class=\"elementor-element elementor-element-059f5f6 elementor-widget-divider--view-line syd-sticky-section-no elementor-widget elementor-widget-divider\" data-id=\"059f5f6\" data-element_type=\"widget\" data-e-type=\"widget\" data-widget_type=\"divider.default\">\n\t\t\t\t<div class=\"elementor-widget-container\">\n\t\t\t\t\t\t\t<div class=\"elementor-divider\">\n\t\t\t<span class=\"elementor-divider-separator\">\n\t\t\t\t\t\t<\/span>\n\t\t<\/div>\n\t\t\t\t\t\t<\/div>\n\t\t\t\t<\/div>\n\t\t\t\t<div class=\"elementor-element elementor-element-88d54fa syd-sticky-section-no elementor-widget elementor-widget-text-editor\" data-id=\"88d54fa\" data-element_type=\"widget\" data-e-type=\"widget\" data-widget_type=\"text-editor.default\">\n\t\t\t\t<div class=\"elementor-widget-container\">\n\t\t\t\t\t\t\t\t\t<ul><li style=\"font-weight: 400;\" aria-level=\"1\"><span style=\"font-weight: 400;\">Vi forbeholder oss retten til \u00e5 kansellere turen n\u00e5r som helst f\u00f8r avgang p\u00e5 grunn av v\u00e6r og\/eller andre uforutsette omstendigheter. Ved kansellering f\u00f8r avgang vil kunden f\u00e5 full refusjon. <\/span><\/li><li style=\"font-weight: 400;\" aria-level=\"1\"><span style=\"font-weight: 400;\">Eventuelle kanselleringer eller endringer fra Njord Adventures AS vil bli varslet via e-post og\/eller tekstmelding. Vennligst sjekk telefon og e-post kvelden f\u00f8r turen. <\/span><\/li><li style=\"font-weight: 400;\" aria-level=\"1\"><span style=\"font-weight: 400;\">Kansellering av kunden:<\/span><span style=\"font-weight: 400;\"><br><\/span><span style=\"font-weight: 400;\">Mer enn 24 timer i forveien: Full refusjon<\/span><span style=\"font-weight: 400;\"><br><\/span><span style=\"font-weight: 400;\">Mindre enn 24 timer i forveien: Ingen refusjon<\/span><span style=\"font-weight: 400;\"><br><\/span><span style=\"font-weight: 400;\">Manglende oppm\u00f8te\/sen ankomst: Ingen refusjon<\/span><\/li><li style=\"font-weight: 400;\" aria-level=\"1\"><span style=\"font-weight: 400;\">Minimum antall passasjerer: 10 (Vi forbeholder oss retten til \u00e5 kansellere en avgang hvis det er f\u00e6rre enn 10 personer p\u00e5 turen)<\/span><\/li><li style=\"font-weight: 400;\" aria-level=\"1\"><span style=\"font-weight: 400;\">Innsjekk starter 30 minutter f\u00f8r avgang. Alle passasjerer m\u00e5 v\u00e6re ved b\u00e5ten senest 15 minutter f\u00f8r avgang.  <\/span><\/li><li style=\"font-weight: 400;\" aria-level=\"1\"><span style=\"font-weight: 400;\">Njord Adventures AS p\u00e5tar seg ikke ansvar for eventuelle ulemper, forstyrrelser, tap eller ekstra kostnader dersom turens varighet blir kortere eller lengre enn beskrevet p\u00e5 grunn av v\u00e6r, dyreliv eller andre uforutsette forhold utenfor v\u00e5r kontroll.<\/span><\/li><li style=\"font-weight: 400;\" aria-level=\"1\"><span style=\"font-weight: 400;\">Njord Adventures AS er ikke ansvarlig for personlige eiendeler.<\/span><\/li><li style=\"font-weight: 400;\" aria-level=\"1\"><span style=\"font-weight: 400;\"><span style=\"font-weight: 400;\">Det er hver passasjer sitt ansvar \u00e5 bed\u00f8mme om de er skikket, b\u00e5de fysisk og psykisk, til \u00e5 ta del i denne aktiviteten. <\/span><\/span><\/li><li aria-level=\"1\">Njord Adventures AS er ikke ansvarlig for personskader som f\u00f8lge av manglende overholdelse av sikkerhetsregler.<\/li><li aria-level=\"1\">Rabatt-\/kampanjekoder gjelder kun ved direkte bestillinger og kan ikke kombineres med andre tilbud. Koder m\u00e5 legges inn ved utsjekking. Njord Adventures AS forbeholder seg retten til \u00e5 endre eller avslutte kampanjer n\u00e5r som helst uten forvarsel.  <\/li><li style=\"font-weight: 400;\" aria-level=\"1\"><span style=\"font-weight: 400;\">Prisene inkluderer lokale skatter\u200b og avgifter<\/span><\/li><\/ul>\t\t\t\t\t\t\t\t<\/div>\n\t\t\t\t<\/div>\n\t\t\t\t\t<\/div>\n\t\t\t\t<\/div>\n\t\t\t\t<\/div>\n\t\t","protected":false},"excerpt":{"rendered":"<p>Vilk\u00e5r og betingelser for Njord Adventures AS: Vi forbeholder oss retten til \u00e5 kansellere turen n\u00e5r som helst f\u00f8r avgang p\u00e5 grunn av v\u00e6r og\/eller andre uforutsette omstendigheter. Ved kansellering f\u00f8r avgang vil kunden f\u00e5 full refusjon. Eventuelle kanselleringer [&hellip;]<\/p>\n","protected":false},"author":1,"featured_media":5067,"parent":0,"menu_order":0,"comment_status":"closed","ping_status":"closed","template":"","meta":{"footnotes":""},"class_list":["post-5373","page","type-page","status-publish","has-post-thumbnail","hentry"],"_links":{"self":[{"href":"https:\/\/njordadventures.com\/no\/wp-json\/wp\/v2\/pages\/5373","targetHints":{"allow":["GET"]}}],"collection":[{"href":"https:\/\/njordadventures.com\/no\/wp-json\/wp\/v2\/pages"}],"about":[{"href":"https:\/\/njordadventures.com\/no\/wp-json\/wp\/v2\/types\/page"}],"author":[{"embeddable":true,"href":"https:\/\/njordadventures.com\/no\/wp-json\/wp\/v2\/users\/1"}],"replies":[{"embeddable":true,"href":"https:\/\/njordadventures.com\/no\/wp-json\/wp\/v2\/comments?post=5373"}],"version-history":[{"count":0,"href":"https:\/\/njordadventures.com\/no\/wp-json\/wp\/v2\/pages\/5373\/revisions"}],"wp:featuredmedia":[{"embeddable":true,"href":"https:\/\/njordadventures.com\/no\/wp-json\/wp\/v2\/media\/5067"}],"wp:attachment":[{"href":"https:\/\/njordadventures.com\/no\/wp-json\/wp\/v2\/media?parent=5373"}],"curies":[{"name":"wp","href":"https:\/\/api.w.org\/{rel}","templated":true}]}}