{"id":5367,"date":"2025-03-01T17:27:20","date_gmt":"2025-03-01T16:27:20","guid":{"rendered":"https:\/\/njordadventures.com\/vare-retningslinjer\/"},"modified":"2025-12-10T00:28:35","modified_gmt":"2025-12-09T23:28:35","slug":"vare-retningslinjer","status":"publish","type":"page","link":"https:\/\/njordadventures.com\/no\/vare-retningslinjer\/","title":{"rendered":"Retningslinjer"},"content":{"rendered":"\t\t<div data-elementor-type=\"wp-page\" data-elementor-id=\"5367\" class=\"elementor elementor-5367 elementor-1905\" data-elementor-post-type=\"page\">\n\t\t\t\t<div class=\"elementor-element elementor-element-dd83598 e-flex e-con-boxed syd-sticky-section-no e-con e-parent\" data-id=\"dd83598\" data-element_type=\"container\" data-e-type=\"container\">\n\t\t\t\t\t<div class=\"e-con-inner\">\n\t\t<div class=\"elementor-element elementor-element-24c45cd e-con-full e-flex syd-sticky-section-no e-con e-child\" data-id=\"24c45cd\" data-element_type=\"container\" data-e-type=\"container\">\n\t\t\t\t<div class=\"elementor-element elementor-element-a070091 syd-sticky-section-no elementor-widget elementor-widget-text-editor\" data-id=\"a070091\" data-element_type=\"widget\" data-e-type=\"widget\" data-widget_type=\"text-editor.default\">\n\t\t\t\t<div class=\"elementor-widget-container\">\n\t\t\t\t\t\t\t\t\t<p>I Norge har vi privilegiet av \u00e5 leve og jobbe side om side med noe av det mest bemerkelsesverdige dyrelivet p\u00e5 planeten. Denne unike muligheten gj\u00f8r at vi kan tilby v\u00e5re bes\u00f8kende eksepsjonelle opplevelser med hvalsafari. Men med dette privilegiet f\u00f8lger ogs\u00e5 et stort ansvar for \u00e5 ivareta dyrenes velferd til enhver tid. Vi f\u00f8lger internasjonale og lokale retningslinjer for hvalsafari, og bruker v\u00e5r erfaring og kunnskap for \u00e5 minimere eventuell p\u00e5virkning p\u00e5 dyrene.   <\/p><p>Vi mener at ved \u00e5 f\u00f8lge etablerte retningslinjer etter beste evne, vise respekt for dyrelivet, opprettholde profesjonell sj\u00f8mannskap og forplikte oss til kontinuerlig l\u00e6ring og utvikling, kan vi sikre at v\u00e5re hvalsafariaktiviteter gjennomf\u00f8res p\u00e5 en ansvarlig m\u00e5te.<\/p>\t\t\t\t\t\t\t\t<\/div>\n\t\t\t\t<\/div>\n\t\t\t\t<div class=\"elementor-element elementor-element-3d29469 elementor-widget-divider--view-line_icon elementor-view-default elementor-widget-divider--element-align-center syd-sticky-section-no elementor-widget elementor-widget-divider\" data-id=\"3d29469\" data-element_type=\"widget\" data-e-type=\"widget\" data-widget_type=\"divider.default\">\n\t\t\t\t<div class=\"elementor-widget-container\">\n\t\t\t\t\t\t\t<div class=\"elementor-divider\">\n\t\t\t<span class=\"elementor-divider-separator\">\n\t\t\t\t\t\t\t<div class=\"elementor-icon elementor-divider__element\">\n\t\t\t\t\t<svg xmlns:inkscape=\"http:\/\/www.inkscape.org\/namespaces\/inkscape\" xmlns:sodipodi=\"http:\/\/sodipodi.sourceforge.net\/DTD\/sodipodi-0.dtd\" xmlns=\"http:\/\/www.w3.org\/2000\/svg\" xmlns:svg=\"http:\/\/www.w3.org\/2000\/svg\" width=\"51.094254mm\" height=\"39.632919mm\" viewBox=\"0 0 51.094254 39.632919\" id=\"svg1\" sodipodi:docname=\"fluke.svg\" inkscape:version=\"1.4.1-rc (d9e8dc1fe0, 2025-03-10)\"><defs id=\"defs1\"><\/defs><g inkscape:label=\"Layer 1\" inkscape:groupmode=\"layer\" id=\"layer1\" transform=\"translate(-29.36875,-31.220834)\"><path id=\"path17-7\" d=\"m 48.61221,63.960025 c 3.586092,-2.266068 4.936984,-4.953353 5.445055,-8.072015 0.0018,-5.29e-4 0.0036,-0.0017 0.0052,-0.0022 0.003,-0.02716 0.0057,-0.05472 0.0086,-0.08184 0.0032,-0.02067 0.0069,-0.0412 0.01005,-0.06188 -0.0012,-1.41e-4 -0.0025,-2.82e-4 -0.0037,-4.23e-4 0.186726,-1.790065 0.177095,-3.719865 -0.03817,-6.410361 C 53.735637,45.536628 53.55939,43.603899 52.362979,41.868832 51.151822,40.112387 49.556737,39.181089 48.938,38.82817 47.354769,37.925447 45.984439,37.670635 43.892184,37.300889 40.793525,36.753413 40.545064,37.210931 38.030534,36.646486 36.401018,36.28062 34.828405,35.65772 33.430806,34.738029 32.740254,34.283651 32.095609,33.760834 31.506082,33.18122 31.196988,32.877479 30.903191,32.558215 30.624553,32.226604 30.36741,31.920392 30.12019,31.454373 29.825014,31.220834 c -0.03542,1.960034 -0.02894,3.953581 0.11865,5.909346 0.211942,2.273335 1.206334,3.981838 1.777944,4.96383 0.298623,0.512904 1.639594,2.743518 4.288991,4.640545 1.866583,1.336534 3.609376,1.953754 5.370372,2.577465 1.830846,0.648512 1.98755,0.496923 3.879603,1.180712 2.711274,0.979911 4.066999,1.469955 4.911055,2.523738 0.511775,0.638986 1.08712,1.768969 1.456443,2.984006 0.287161,2.637155 -1.628704,5.020451 -3.764245,6.462184 -3.176411,2.144606 -7.234026,2.894153 -11.025294,2.441716 -1.969629,-0.235091 -3.698099,-0.974549 -5.388123,-1.974427 l -0.894207,0.937613 0.03831,0.161784 c 0.23647,0.47886 1.620297,1.126243 2.144226,1.358194 4.999097,2.213533 11.296322,1.464557 15.873473,-1.427515\" style=\"fill:#231f20;fill-opacity:1;fill-rule:nonzero;stroke:none;stroke-width:0.0352778\" sodipodi:nodetypes=\"cccccccsccccccccccccccccccccc\"><\/path><path id=\"path18-8\" d=\"m 70.702309,68.84103 c -4.430889,0.848872 -8.834191,-0.479418 -12.285769,-3.314319 -1.399117,-1.148997 -2.765566,-2.46186 -3.559457,-4.113706 -3.181209,4.872037 -8.785261,8.33574 -14.760047,7.593115 -0.606178,-0.07552 -2.544269,-0.606337 -2.891402,-0.5559 -0.309633,0.04506 -0.636094,0.818691 -0.663646,1.122136 0.131198,0.548598 2.992685,0.990672 3.553284,1.057645 2.291927,0.273816 3.96046,0.120578 6.152939,-0.550389 3.285102,-1.005417 6.270061,-3.005229 8.431918,-5.668278 l 0.181646,0.05359 c 0.238125,0.442912 0.611011,0.756814 0.946573,1.112096 3.1889,3.375498 9.262569,5.854175 13.920295,5.159506 0.582083,-0.08682 3.59163,-0.747173 3.696405,-1.292878 -0.576439,-1.702565 -1.494014,-0.83826 -2.722739,-0.602615\" style=\"fill:#231f20;fill-opacity:1;fill-rule:nonzero;stroke:none;stroke-width:0.0352778\" sodipodi:nodetypes=\"ccccccsccccscc\"><\/path><path id=\"path19-4\" d=\"m 47.790626,59.145278 c 0.456142,-0.35373 2.056871,-1.840371 2.177733,-2.318949 0.115323,-0.456953 -0.365866,-1.11813 -0.759319,-1.015189 -0.158609,0.04145 -2.003672,1.839948 -2.468457,2.158824 -3.968892,2.722986 -9.440122,3.317064 -13.896426,1.447765 -0.647262,-0.271604 -2.325853,-1.45602 -2.754422,-1.497507 -0.149105,-0.01432 -0.292696,-0.02896 -0.425951,0.05856 -1.146665,1.221493 1.354748,2.41046 2.287129,2.831712 4.967136,2.243597 11.493949,1.704517 15.839713,-1.665217\" style=\"fill:#231f20;fill-opacity:1;fill-rule:nonzero;stroke:none;stroke-width:0.0352778\" sodipodi:nodetypes=\"ccccccccc\"><\/path><path id=\"path20-5\" d=\"m 72.992896,64.904376 c -3.790951,0.452437 -7.848601,-0.29711 -11.025153,-2.441716 -2.135541,-1.441733 -4.051265,-3.825029 -3.764104,-6.462043 0.369323,-1.215037 0.944668,-2.345161 1.456443,-2.984147 0.844056,-1.053783 2.199781,-1.543827 4.911055,-2.523738 1.891841,-0.683789 2.048828,-0.5322 3.879744,-1.180712 1.760714,-0.623711 3.50379,-1.240931 5.370337,-2.577465 2.649361,-1.897027 3.99027,-4.127641 4.28872,-4.640545 0.571852,-0.981992 1.56598,-2.690495 1.778,-4.96383 0.147814,-1.955765 0.154164,-3.949312 0.118886,-5.909346 -0.295275,0.233539 -0.542572,0.699558 -0.799747,1.00577 -0.278695,0.331611 -0.572559,0.650875 -0.881592,0.954616 -0.589492,0.579614 -1.234017,1.102431 -1.924403,1.556809 -1.397706,0.919691 -2.970389,1.542591 -4.59987,1.908457 -2.5146,0.564445 -2.762956,0.106927 -5.861756,0.654403 -2.092325,0.369746 -3.462655,0.624558 -5.045886,1.527281 -0.618737,0.352919 -2.213681,1.284217 -3.424838,3.040662 -1.196411,1.735067 -1.372658,3.667796 -1.676224,7.462485 -0.215265,2.690496 -0.224895,4.620296 -0.03817,6.410361 -0.0013,1.41e-4 -0.0025,2.82e-4 -0.0037,4.23e-4 0.0032,0.02067 0.0067,0.04121 0.01005,0.06188 0.0029,0.02713 0.0054,0.05468 0.0084,0.08184 0.0018,5.29e-4 0.0035,0.0017 0.0054,0.0022 0.508071,3.118662 1.858963,5.805947 5.44502,8.072015 4.577115,2.892072 10.874199,3.641048 15.873413,1.427515 0.523875,-0.231951 1.907823,-0.879334 2.144184,-1.358194 l 0.03845,-0.161784 -0.894291,-0.937613 c -1.690159,0.999878 -3.418417,1.739336 -5.388328,1.974427\" style=\"fill:#231f20;fill-opacity:1;fill-rule:nonzero;stroke:none;stroke-width:0.0352778\" sodipodi:nodetypes=\"ccccccccccccccccscccccccccccc\"><\/path><path id=\"path21-0\" d=\"m 80.168043,57.978783 c -0.13335,-0.08752 -0.27693,-0.07288 -0.426155,-0.05856 -0.428625,0.04149 -2.107142,1.225903 -2.754489,1.497507 -4.45629,1.869299 -9.92752,1.275221 -13.896271,-1.447765 -0.464961,-0.318876 -2.309848,-2.117373 -2.468457,-2.158824 -0.393453,-0.102941 -0.874783,0.558236 -0.759318,1.015189 0.120861,0.478578 1.72159,1.965219 2.177732,2.318949 4.345693,3.369734 10.872436,3.908814 15.839547,1.665217 0.932392,-0.421252 3.433939,-1.610219 2.287411,-2.831712\" style=\"fill:#231f20;fill-opacity:1;fill-rule:nonzero;stroke:none;stroke-width:0.0352778\" sodipodi:nodetypes=\"ccccccccc\"><\/path><\/g><\/svg><\/div>\n\t\t\t\t\t\t<\/span>\n\t\t<\/div>\n\t\t\t\t\t\t<\/div>\n\t\t\t\t<\/div>\n\t\t\t\t<div class=\"elementor-element elementor-element-18b89e1 syd-sticky-section-no elementor-widget elementor-widget-text-editor\" data-id=\"18b89e1\" data-element_type=\"widget\" data-e-type=\"widget\" data-widget_type=\"text-editor.default\">\n\t\t\t\t<div class=\"elementor-widget-container\">\n\t\t\t\t\t\t\t\t\t<p>Her er en oppsummering av retningslinjene vi f\u00f8lger for hvalsafari:<\/p><ul><li>Hvalene skal alltid ha kontroll over b\u00e5de hvordan og hvor lenge m\u00f8tet med oss varer.<\/li><li>Reduserer farten p\u00e5 fart\u00f8yet n\u00e5r vi er 300\u2013400 meter fra hvalene.<\/li><li>N\u00e6rmer oss hvalene sakte, i jevn fart, fra siden og litt bakfra.<\/li><li>Vi n\u00e6rmer oss ikke aktivt n\u00e6rmere enn 50\u2013100 meter.<\/li><li>Holder en parallell kurs med hvaler som er i bevegelse.<\/li><li>Unng\u00e5r br\u00e5 endringer i fart eller retning.<\/li><li>Hvis hvalene virker stresset eller viser unng\u00e5elsesatferd, lar vi dem v\u00e6re i fred og forlater omr\u00e5det sakte.<\/li><li>Hunner med kalver, eller hvaler som hviler, spiser og\/eller sosialiserer, blir n\u00e6rmet og observert med ekstra omtanke og hensyn, eller blir latt i fred.<\/li><li>I tillegg til kapteinen har vi alltid minst \u00e9n dedikert observat\u00f8r p\u00e5 vakt.<\/li><li>Gir fiskeb\u00e5ter og forskningsfart\u00f8y plass til \u00e5 arbeide.<\/li><li>Hvis hvalene bestemmer seg for \u00e5 n\u00e6rme seg oss, holder vi kursen med lav og jevn fart, lar motorene g\u00e5 i fri, eller sl\u00e5r av motorene hvis det er hensiktsmessig.<\/li><\/ul><p>Du finner mer informasjon om <a href=\"https:\/\/www.visittromso.no\/no\/hval-retningslinjer\" target=\"_blank\" rel=\"noopener\">Visit Troms\u00f8&#8217;s retningslinjer her<\/a><\/p>\t\t\t\t\t\t\t\t<\/div>\n\t\t\t\t<\/div>\n\t\t\t\t<\/div>\n\t\t\t\t\t<\/div>\n\t\t\t\t<\/div>\n\t\t\t\t<\/div>\n\t\t","protected":false},"excerpt":{"rendered":"<p>I Norge har vi privilegiet av \u00e5 leve og jobbe side om side med noe av det mest bemerkelsesverdige dyrelivet p\u00e5 planeten. Denne unike muligheten gj\u00f8r at vi kan tilby v\u00e5re bes\u00f8kende eksepsjonelle opplevelser med hvalsafari. Men med dette [&hellip;]<\/p>\n","protected":false},"author":1,"featured_media":5101,"parent":0,"menu_order":0,"comment_status":"closed","ping_status":"closed","template":"","meta":{"footnotes":""},"class_list":["post-5367","page","type-page","status-publish","has-post-thumbnail","hentry"],"_links":{"self":[{"href":"https:\/\/njordadventures.com\/no\/wp-json\/wp\/v2\/pages\/5367","targetHints":{"allow":["GET"]}}],"collection":[{"href":"https:\/\/njordadventures.com\/no\/wp-json\/wp\/v2\/pages"}],"about":[{"href":"https:\/\/njordadventures.com\/no\/wp-json\/wp\/v2\/types\/page"}],"author":[{"embeddable":true,"href":"https:\/\/njordadventures.com\/no\/wp-json\/wp\/v2\/users\/1"}],"replies":[{"embeddable":true,"href":"https:\/\/njordadventures.com\/no\/wp-json\/wp\/v2\/comments?post=5367"}],"version-history":[{"count":0,"href":"https:\/\/njordadventures.com\/no\/wp-json\/wp\/v2\/pages\/5367\/revisions"}],"wp:featuredmedia":[{"embeddable":true,"href":"https:\/\/njordadventures.com\/no\/wp-json\/wp\/v2\/media\/5101"}],"wp:attachment":[{"href":"https:\/\/njordadventures.com\/no\/wp-json\/wp\/v2\/media?parent=5367"}],"curies":[{"name":"wp","href":"https:\/\/api.w.org\/{rel}","templated":true}]}}