{"id":5500,"date":"2025-03-01T17:27:20","date_gmt":"2025-03-01T16:27:20","guid":{"rendered":"https:\/\/njordadventures.com\/guidelines\/"},"modified":"2025-12-10T00:28:34","modified_gmt":"2025-12-09T23:28:34","slug":"guidelines","status":"publish","type":"page","link":"https:\/\/njordadventures.com\/fi\/guidelines\/","title":{"rendered":"Valassafariohjeistus"},"content":{"rendered":"\t\t<div data-elementor-type=\"wp-page\" data-elementor-id=\"5500\" class=\"elementor elementor-5500 elementor-1905\" data-elementor-post-type=\"page\">\n\t\t\t\t<div class=\"elementor-element elementor-element-dd83598 e-flex e-con-boxed syd-sticky-section-no e-con e-parent\" data-id=\"dd83598\" data-element_type=\"container\" data-e-type=\"container\">\n\t\t\t\t\t<div class=\"e-con-inner\">\n\t\t<div class=\"elementor-element elementor-element-24c45cd e-con-full e-flex syd-sticky-section-no e-con e-child\" data-id=\"24c45cd\" data-element_type=\"container\" data-e-type=\"container\">\n\t\t\t\t<div class=\"elementor-element elementor-element-a070091 syd-sticky-section-no elementor-widget elementor-widget-text-editor\" data-id=\"a070091\" data-element_type=\"widget\" data-e-type=\"widget\" data-widget_type=\"text-editor.default\">\n\t\t\t\t<div class=\"elementor-widget-container\">\n\t\t\t\t\t\t\t\t\t<p>Pohjois-Norjassa meill\u00e4 on etuoikeus asua ja ty\u00f6skennell\u00e4 rikkaan sek\u00e4 monimuotoisen luonnon ja el\u00e4imist\u00f6n rinnalla, jonka ansiosta voimme tarjota vieraillemme ainutlaatuisia luonto- ja valasel\u00e4myksi\u00e4. T\u00e4m\u00e4n etuoikeuden my\u00f6t\u00e4 tulee kuitenkin my\u00f6s vastuu n\u00e4iden el\u00e4inten hyvinvoinnista. Noudatamme kansainv\u00e4lisi\u00e4 ja paikallisia ohjeistuksia (whale watching guidelines), ja k\u00e4yt\u00e4mme monen vuoden kokemustamme minimoidaksemme el\u00e4imiin kohdistuvat vaikutukset toiminnastamme.   <\/p><p>Uskomme, ett\u00e4 noudattamalla vakiintuneita ohjeita parhaan kykymme mukaan, kunnioittamalla luonnonvaraisia el\u00e4imi\u00e4, yll\u00e4pit\u00e4m\u00e4ll\u00e4 ammattimaista merimiestaitoa ja sitoutumalla jatkuvaan koulutukseen ja oppimiseen voimme varmistaa, ett\u00e4 valassafarimme toteutetaan vastuullisella tavalla.<\/p>\t\t\t\t\t\t\t\t<\/div>\n\t\t\t\t<\/div>\n\t\t\t\t<div class=\"elementor-element elementor-element-3d29469 elementor-widget-divider--view-line_icon elementor-view-default elementor-widget-divider--element-align-center syd-sticky-section-no elementor-widget elementor-widget-divider\" data-id=\"3d29469\" data-element_type=\"widget\" data-e-type=\"widget\" data-widget_type=\"divider.default\">\n\t\t\t\t<div class=\"elementor-widget-container\">\n\t\t\t\t\t\t\t<div class=\"elementor-divider\">\n\t\t\t<span class=\"elementor-divider-separator\">\n\t\t\t\t\t\t\t<div class=\"elementor-icon elementor-divider__element\">\n\t\t\t\t\t<svg xmlns:inkscape=\"http:\/\/www.inkscape.org\/namespaces\/inkscape\" xmlns:sodipodi=\"http:\/\/sodipodi.sourceforge.net\/DTD\/sodipodi-0.dtd\" xmlns=\"http:\/\/www.w3.org\/2000\/svg\" xmlns:svg=\"http:\/\/www.w3.org\/2000\/svg\" width=\"51.094254mm\" height=\"39.632919mm\" viewBox=\"0 0 51.094254 39.632919\" id=\"svg1\" sodipodi:docname=\"fluke.svg\" inkscape:version=\"1.4.1-rc (d9e8dc1fe0, 2025-03-10)\"><defs id=\"defs1\"><\/defs><g inkscape:label=\"Layer 1\" inkscape:groupmode=\"layer\" id=\"layer1\" transform=\"translate(-29.36875,-31.220834)\"><path id=\"path17-7\" d=\"m 48.61221,63.960025 c 3.586092,-2.266068 4.936984,-4.953353 5.445055,-8.072015 0.0018,-5.29e-4 0.0036,-0.0017 0.0052,-0.0022 0.003,-0.02716 0.0057,-0.05472 0.0086,-0.08184 0.0032,-0.02067 0.0069,-0.0412 0.01005,-0.06188 -0.0012,-1.41e-4 -0.0025,-2.82e-4 -0.0037,-4.23e-4 0.186726,-1.790065 0.177095,-3.719865 -0.03817,-6.410361 C 53.735637,45.536628 53.55939,43.603899 52.362979,41.868832 51.151822,40.112387 49.556737,39.181089 48.938,38.82817 47.354769,37.925447 45.984439,37.670635 43.892184,37.300889 40.793525,36.753413 40.545064,37.210931 38.030534,36.646486 36.401018,36.28062 34.828405,35.65772 33.430806,34.738029 32.740254,34.283651 32.095609,33.760834 31.506082,33.18122 31.196988,32.877479 30.903191,32.558215 30.624553,32.226604 30.36741,31.920392 30.12019,31.454373 29.825014,31.220834 c -0.03542,1.960034 -0.02894,3.953581 0.11865,5.909346 0.211942,2.273335 1.206334,3.981838 1.777944,4.96383 0.298623,0.512904 1.639594,2.743518 4.288991,4.640545 1.866583,1.336534 3.609376,1.953754 5.370372,2.577465 1.830846,0.648512 1.98755,0.496923 3.879603,1.180712 2.711274,0.979911 4.066999,1.469955 4.911055,2.523738 0.511775,0.638986 1.08712,1.768969 1.456443,2.984006 0.287161,2.637155 -1.628704,5.020451 -3.764245,6.462184 -3.176411,2.144606 -7.234026,2.894153 -11.025294,2.441716 -1.969629,-0.235091 -3.698099,-0.974549 -5.388123,-1.974427 l -0.894207,0.937613 0.03831,0.161784 c 0.23647,0.47886 1.620297,1.126243 2.144226,1.358194 4.999097,2.213533 11.296322,1.464557 15.873473,-1.427515\" style=\"fill:#231f20;fill-opacity:1;fill-rule:nonzero;stroke:none;stroke-width:0.0352778\" sodipodi:nodetypes=\"cccccccsccccccccccccccccccccc\"><\/path><path id=\"path18-8\" d=\"m 70.702309,68.84103 c -4.430889,0.848872 -8.834191,-0.479418 -12.285769,-3.314319 -1.399117,-1.148997 -2.765566,-2.46186 -3.559457,-4.113706 -3.181209,4.872037 -8.785261,8.33574 -14.760047,7.593115 -0.606178,-0.07552 -2.544269,-0.606337 -2.891402,-0.5559 -0.309633,0.04506 -0.636094,0.818691 -0.663646,1.122136 0.131198,0.548598 2.992685,0.990672 3.553284,1.057645 2.291927,0.273816 3.96046,0.120578 6.152939,-0.550389 3.285102,-1.005417 6.270061,-3.005229 8.431918,-5.668278 l 0.181646,0.05359 c 0.238125,0.442912 0.611011,0.756814 0.946573,1.112096 3.1889,3.375498 9.262569,5.854175 13.920295,5.159506 0.582083,-0.08682 3.59163,-0.747173 3.696405,-1.292878 -0.576439,-1.702565 -1.494014,-0.83826 -2.722739,-0.602615\" style=\"fill:#231f20;fill-opacity:1;fill-rule:nonzero;stroke:none;stroke-width:0.0352778\" sodipodi:nodetypes=\"ccccccsccccscc\"><\/path><path id=\"path19-4\" d=\"m 47.790626,59.145278 c 0.456142,-0.35373 2.056871,-1.840371 2.177733,-2.318949 0.115323,-0.456953 -0.365866,-1.11813 -0.759319,-1.015189 -0.158609,0.04145 -2.003672,1.839948 -2.468457,2.158824 -3.968892,2.722986 -9.440122,3.317064 -13.896426,1.447765 -0.647262,-0.271604 -2.325853,-1.45602 -2.754422,-1.497507 -0.149105,-0.01432 -0.292696,-0.02896 -0.425951,0.05856 -1.146665,1.221493 1.354748,2.41046 2.287129,2.831712 4.967136,2.243597 11.493949,1.704517 15.839713,-1.665217\" style=\"fill:#231f20;fill-opacity:1;fill-rule:nonzero;stroke:none;stroke-width:0.0352778\" sodipodi:nodetypes=\"ccccccccc\"><\/path><path id=\"path20-5\" d=\"m 72.992896,64.904376 c -3.790951,0.452437 -7.848601,-0.29711 -11.025153,-2.441716 -2.135541,-1.441733 -4.051265,-3.825029 -3.764104,-6.462043 0.369323,-1.215037 0.944668,-2.345161 1.456443,-2.984147 0.844056,-1.053783 2.199781,-1.543827 4.911055,-2.523738 1.891841,-0.683789 2.048828,-0.5322 3.879744,-1.180712 1.760714,-0.623711 3.50379,-1.240931 5.370337,-2.577465 2.649361,-1.897027 3.99027,-4.127641 4.28872,-4.640545 0.571852,-0.981992 1.56598,-2.690495 1.778,-4.96383 0.147814,-1.955765 0.154164,-3.949312 0.118886,-5.909346 -0.295275,0.233539 -0.542572,0.699558 -0.799747,1.00577 -0.278695,0.331611 -0.572559,0.650875 -0.881592,0.954616 -0.589492,0.579614 -1.234017,1.102431 -1.924403,1.556809 -1.397706,0.919691 -2.970389,1.542591 -4.59987,1.908457 -2.5146,0.564445 -2.762956,0.106927 -5.861756,0.654403 -2.092325,0.369746 -3.462655,0.624558 -5.045886,1.527281 -0.618737,0.352919 -2.213681,1.284217 -3.424838,3.040662 -1.196411,1.735067 -1.372658,3.667796 -1.676224,7.462485 -0.215265,2.690496 -0.224895,4.620296 -0.03817,6.410361 -0.0013,1.41e-4 -0.0025,2.82e-4 -0.0037,4.23e-4 0.0032,0.02067 0.0067,0.04121 0.01005,0.06188 0.0029,0.02713 0.0054,0.05468 0.0084,0.08184 0.0018,5.29e-4 0.0035,0.0017 0.0054,0.0022 0.508071,3.118662 1.858963,5.805947 5.44502,8.072015 4.577115,2.892072 10.874199,3.641048 15.873413,1.427515 0.523875,-0.231951 1.907823,-0.879334 2.144184,-1.358194 l 0.03845,-0.161784 -0.894291,-0.937613 c -1.690159,0.999878 -3.418417,1.739336 -5.388328,1.974427\" style=\"fill:#231f20;fill-opacity:1;fill-rule:nonzero;stroke:none;stroke-width:0.0352778\" sodipodi:nodetypes=\"ccccccccccccccccscccccccccccc\"><\/path><path id=\"path21-0\" d=\"m 80.168043,57.978783 c -0.13335,-0.08752 -0.27693,-0.07288 -0.426155,-0.05856 -0.428625,0.04149 -2.107142,1.225903 -2.754489,1.497507 -4.45629,1.869299 -9.92752,1.275221 -13.896271,-1.447765 -0.464961,-0.318876 -2.309848,-2.117373 -2.468457,-2.158824 -0.393453,-0.102941 -0.874783,0.558236 -0.759318,1.015189 0.120861,0.478578 1.72159,1.965219 2.177732,2.318949 4.345693,3.369734 10.872436,3.908814 15.839547,1.665217 0.932392,-0.421252 3.433939,-1.610219 2.287411,-2.831712\" style=\"fill:#231f20;fill-opacity:1;fill-rule:nonzero;stroke:none;stroke-width:0.0352778\" sodipodi:nodetypes=\"ccccccccc\"><\/path><\/g><\/svg><\/div>\n\t\t\t\t\t\t<\/span>\n\t\t<\/div>\n\t\t\t\t\t\t<\/div>\n\t\t\t\t<\/div>\n\t\t\t\t<div class=\"elementor-element elementor-element-18b89e1 syd-sticky-section-no elementor-widget elementor-widget-text-editor\" data-id=\"18b89e1\" data-element_type=\"widget\" data-e-type=\"widget\" data-widget_type=\"text-editor.default\">\n\t\t\t\t<div class=\"elementor-widget-container\">\n\t\t\t\t\t\t\t\t\t<p>Seuraavassa on yhteenveto noudattamistamme valassafariohjeistuksista:<\/p><ul><li>Valaiden olisi aina voitava hallita kohtaamisen luonne ja kesto<\/li><li>V\u00e4hennet\u00e4\u00e4n aluksen nopeutta 300-400 metrin et\u00e4isyydell\u00e4 valaista<\/li><li>L\u00e4hestyt\u00e4\u00e4n valaita hitaasti, tasaisella nopeudella, sivulta ja hieman takaa<\/li><li>Emme l\u00e4hesty aktiivisesti l\u00e4hemm\u00e4s kuin 50-100 metri\u00e4<\/li><li>Samansuuntainen kurssi liikkuvien valaiden kanssa<\/li><li>\u00c4killisten nopeus- ja suuntamuutosten v\u00e4ltt\u00e4minen<\/li><li>Jos valaat vaikuttavat h\u00e4iriintyv\u00e4n tai osoittavat v\u00e4lttelev\u00e4\u00e4 k\u00e4ytt\u00e4ytymist\u00e4, j\u00e4t\u00e4mme ne rauhaan ja poistumme hitaasti alueelta<\/li><li>Emo-poikaspareja, lep\u00e4\u00e4vi\u00e4, tai ruokailevia valaita l\u00e4hestyt\u00e4\u00e4n erityisen varovaisesti ja harkiten, tai poistutaan paikalta<\/li><li>Kapteenin lis\u00e4ksi meill\u00e4 on aina v\u00e4hint\u00e4\u00e4n yksi tarkkailija ty\u00f6vuorossa<\/li><li>Annetaan kalastus- ja tutkimusaluksille tilaa ty\u00f6skennell\u00e4<\/li><li>Jos valaat p\u00e4\u00e4tt\u00e4v\u00e4t l\u00e4hesty\u00e4 meit\u00e4, pid\u00e4mme kurssin hitaalla ja tasaisella nopeudella, tai annamme moottorien k\u00e4yd\u00e4 tyhj\u00e4k\u00e4ynnill\u00e4, tai sammutamme moottorit tarvittaessa<\/li><\/ul><p>Lis\u00e4tietoja <a href=\"https:\/\/www.visittromso.no\/whale-watching-guidelines\" target=\"_blank\" rel=\"noopener\">Visit Tromssan ohjeista l\u00f6yd\u00e4t t\u00e4\u00e4lt\u00e4.<\/a><\/p>\t\t\t\t\t\t\t\t<\/div>\n\t\t\t\t<\/div>\n\t\t\t\t<\/div>\n\t\t\t\t\t<\/div>\n\t\t\t\t<\/div>\n\t\t\t\t<\/div>\n\t\t","protected":false},"excerpt":{"rendered":"<p>Pohjois-Norjassa meill\u00e4 on etuoikeus asua ja ty\u00f6skennell\u00e4 rikkaan sek\u00e4 monimuotoisen luonnon ja el\u00e4imist\u00f6n rinnalla, jonka ansiosta voimme tarjota vieraillemme ainutlaatuisia luonto- ja valasel\u00e4myksi\u00e4. T\u00e4m\u00e4n etuoikeuden my\u00f6t\u00e4 tulee kuitenkin my\u00f6s vastuu n\u00e4iden el\u00e4inten hyvinvoinnista. Noudatamme kansainv\u00e4lisi\u00e4 ja paikallisia ohjeistuksia (whale [&hellip;]<\/p>\n","protected":false},"author":1,"featured_media":5501,"parent":0,"menu_order":0,"comment_status":"closed","ping_status":"closed","template":"","meta":{"footnotes":""},"class_list":["post-5500","page","type-page","status-publish","has-post-thumbnail","hentry"],"_links":{"self":[{"href":"https:\/\/njordadventures.com\/fi\/wp-json\/wp\/v2\/pages\/5500","targetHints":{"allow":["GET"]}}],"collection":[{"href":"https:\/\/njordadventures.com\/fi\/wp-json\/wp\/v2\/pages"}],"about":[{"href":"https:\/\/njordadventures.com\/fi\/wp-json\/wp\/v2\/types\/page"}],"author":[{"embeddable":true,"href":"https:\/\/njordadventures.com\/fi\/wp-json\/wp\/v2\/users\/1"}],"replies":[{"embeddable":true,"href":"https:\/\/njordadventures.com\/fi\/wp-json\/wp\/v2\/comments?post=5500"}],"version-history":[{"count":0,"href":"https:\/\/njordadventures.com\/fi\/wp-json\/wp\/v2\/pages\/5500\/revisions"}],"wp:featuredmedia":[{"embeddable":true,"href":"https:\/\/njordadventures.com\/fi\/wp-json\/wp\/v2\/media\/5501"}],"wp:attachment":[{"href":"https:\/\/njordadventures.com\/fi\/wp-json\/wp\/v2\/media?parent=5500"}],"curies":[{"name":"wp","href":"https:\/\/api.w.org\/{rel}","templated":true}]}}