{"id":5436,"date":"2025-03-23T22:44:32","date_gmt":"2025-03-23T21:44:32","guid":{"rendered":"https:\/\/njordadventures.com\/allgemeine_geschaftsbedingungen\/"},"modified":"2025-08-01T23:45:51","modified_gmt":"2025-08-01T22:45:51","slug":"allgemeine_geschaftsbedingungen","status":"publish","type":"page","link":"https:\/\/njordadventures.com\/de\/allgemeine_geschaftsbedingungen\/","title":{"rendered":"Allgemeine Gesch\u00e4ftsbedingungen"},"content":{"rendered":"\t\t<div data-elementor-type=\"wp-page\" data-elementor-id=\"5436\" class=\"elementor elementor-5436 elementor-4039\" data-elementor-post-type=\"page\">\n\t\t\t\t<div class=\"elementor-element elementor-element-659f352 e-flex e-con-boxed syd-sticky-section-no e-con e-parent\" data-id=\"659f352\" data-element_type=\"container\" data-e-type=\"container\">\n\t\t\t\t\t<div class=\"e-con-inner\">\n\t\t\t\t<div class=\"elementor-element elementor-element-debcf3b syd-sticky-section-no elementor-widget elementor-widget-heading\" data-id=\"debcf3b\" data-element_type=\"widget\" data-e-type=\"widget\" data-widget_type=\"heading.default\">\n\t\t\t\t<div class=\"elementor-widget-container\">\n\t\t\t\t\t<h5 class=\"elementor-heading-title elementor-size-default\">Allgemeine Gesch\u00e4ftsbedingungen von Njord Adventures AS:<\/h5>\t\t\t\t<\/div>\n\t\t\t\t<\/div>\n\t\t\t\t<div class=\"elementor-element elementor-element-059f5f6 elementor-widget-divider--view-line syd-sticky-section-no elementor-widget elementor-widget-divider\" data-id=\"059f5f6\" data-element_type=\"widget\" data-e-type=\"widget\" data-widget_type=\"divider.default\">\n\t\t\t\t<div class=\"elementor-widget-container\">\n\t\t\t\t\t\t\t<div class=\"elementor-divider\">\n\t\t\t<span class=\"elementor-divider-separator\">\n\t\t\t\t\t\t<\/span>\n\t\t<\/div>\n\t\t\t\t\t\t<\/div>\n\t\t\t\t<\/div>\n\t\t\t\t<div class=\"elementor-element elementor-element-88d54fa syd-sticky-section-no elementor-widget elementor-widget-text-editor\" data-id=\"88d54fa\" data-element_type=\"widget\" data-e-type=\"widget\" data-widget_type=\"text-editor.default\">\n\t\t\t\t<div class=\"elementor-widget-container\">\n\t\t\t\t\t\t\t\t\t<ul><li style=\"font-weight: 400;\" aria-level=\"1\"><span style=\"font-weight: 400;\">Wir behalten uns das Recht vor, die Tour jederzeit vor der Abfahrt aufgrund des Wetters<br>und\/oder anderer unvorhergesehener Umst\u00e4nde abzusagen. Im Falle einer Stornierung vor der<br>Abfahrt, erh\u00e4lt der Kunde eine volle R\u00fcckerstattung. <\/span><\/li><li style=\"font-weight: 400;\" aria-level=\"1\"><span style=\"font-weight: 400;\">Jede Stornierung oder \u00c4nderung durch Njord Adventures AS werden \u00fcber E-Mail und\/oder<br>Textnachricht mitgeteilt.<br>Bitte \u00fcberpr\u00fcfen Sie Ihr Telefon und Ihre E-Mail am Abend vor der Tour. <\/span><\/li><li style=\"font-weight: 400;\" aria-level=\"1\"><span style=\"font-weight: 400;\">Stornierung durch den Kunden:<\/span><span style=\"font-weight: 400;\"> <\/span><br><span style=\"font-weight: 400;\">Mehr als 24 Stunden im Voraus: Volle Erstattung<\/span><span style=\"font-weight: 400;\"> <\/span><br><span style=\"font-weight: 400;\">Weniger als 24 Stunden im Voraus: Keine Erstattung<\/span><span style=\"font-weight: 400;\"> <\/span><br><span style=\"font-weight: 400;\">Bei Nichterscheinen\/versp\u00e4teter Ankunft: Keine Erstattung<\/span><\/li><li style=\"font-weight: 400;\" aria-level=\"1\"><span style=\"font-weight: 400;\">Mindestteilnehmerzahl: 10 (wir behalten uns das Recht vor, eine Abfahrt zu stornieren, wenn<br>weniger als 10 Personen an der Tour teilnehmen)<\/span><\/li><li style=\"font-weight: 400;\" aria-level=\"1\"><span style=\"font-weight: 400;\">Der Check-in beginnt 30 Minuten vor der Abfahrt. Alle Passagiere m\u00fcssen sp\u00e4testens 15<br>Minuten vor der Abfahrt am Boot sein.  <\/span><\/li><li style=\"font-weight: 400;\" aria-level=\"1\"><span style=\"font-weight: 400;\">Njord Adventures AS \u00fcbernimmt keine Haftung f\u00fcr Unannehmlichkeiten, Unterbrechungen und\/oder Verluste oder zus\u00e4tzliche Kosten, falls die Dauer der Tour aufgrund von Wetter, Wildtieren oder anderen unvorhersehbaren Umst\u00e4nden au\u00dferhalb unserer Kontrolle k\u00fcrzer oder l\u00e4nger als beschrieben ist.<\/span><\/li><li style=\"font-weight: 400;\" aria-level=\"1\"><span style=\"font-weight: 400;\">Njord Adventures AS ist nicht verantwortlich oder haftbar f\u00fcr pers\u00f6nliche Gegenst\u00e4nde.<\/span><\/li><li style=\"font-weight: 400;\" aria-level=\"1\"><span style=\"font-weight: 400;\"><span style=\"font-weight: 400;\">Es liegt in der Verantwortung des Kunden zu beurteilen, ob er k\u00f6rperlich und geistig in der Lage<br>ist, an der Tour teilzunehmen. <\/span><\/span><\/li><li aria-level=\"1\">Njord Adventures AS haftet nicht f\u00fcr Verletzungen, die durch die Nichtbeachtung der Sicherheitsregeln entstehen.<\/li><li aria-level=\"1\">Rabatt- bzw. Aktionscodes gelten nur f\u00fcr Direktbuchungen und k\u00f6nnen nicht mit anderen Angeboten kombiniert werden. Codes m\u00fcssen beim Bezahlvorgang eingegeben werden. Njord Adventures AS beh\u00e4lt sich das Recht vor, Werbekampagnen jederzeit ohne Vorank\u00fcndigung zu \u00e4ndern oder einzustellen.  <\/li><li style=\"font-weight: 400;\" aria-level=\"1\"><span style=\"font-weight: 400;\">Die Preise enthalten lokale Steuern und Buchungsgeb\u00fchren.<\/span><\/li><\/ul>\t\t\t\t\t\t\t\t<\/div>\n\t\t\t\t<\/div>\n\t\t\t\t\t<\/div>\n\t\t\t\t<\/div>\n\t\t\t\t<\/div>\n\t\t","protected":false},"excerpt":{"rendered":"<p>Allgemeine Gesch\u00e4ftsbedingungen von Njord Adventures AS: Wir behalten uns das Recht vor, die Tour jederzeit vor der Abfahrt aufgrund des Wettersund\/oder anderer unvorhergesehener Umst\u00e4nde abzusagen. Im Falle einer Stornierung vor derAbfahrt, erh\u00e4lt der Kunde eine volle R\u00fcckerstattung. Jede Stornierung [&hellip;]<\/p>\n","protected":false},"author":1,"featured_media":5066,"parent":0,"menu_order":0,"comment_status":"closed","ping_status":"closed","template":"","meta":{"footnotes":""},"class_list":["post-5436","page","type-page","status-publish","has-post-thumbnail","hentry"],"_links":{"self":[{"href":"https:\/\/njordadventures.com\/de\/wp-json\/wp\/v2\/pages\/5436","targetHints":{"allow":["GET"]}}],"collection":[{"href":"https:\/\/njordadventures.com\/de\/wp-json\/wp\/v2\/pages"}],"about":[{"href":"https:\/\/njordadventures.com\/de\/wp-json\/wp\/v2\/types\/page"}],"author":[{"embeddable":true,"href":"https:\/\/njordadventures.com\/de\/wp-json\/wp\/v2\/users\/1"}],"replies":[{"embeddable":true,"href":"https:\/\/njordadventures.com\/de\/wp-json\/wp\/v2\/comments?post=5436"}],"version-history":[{"count":0,"href":"https:\/\/njordadventures.com\/de\/wp-json\/wp\/v2\/pages\/5436\/revisions"}],"wp:featuredmedia":[{"embeddable":true,"href":"https:\/\/njordadventures.com\/de\/wp-json\/wp\/v2\/media\/5066"}],"wp:attachment":[{"href":"https:\/\/njordadventures.com\/de\/wp-json\/wp\/v2\/media?parent=5436"}],"curies":[{"name":"wp","href":"https:\/\/api.w.org\/{rel}","templated":true}]}}