{"id":5432,"date":"2025-02-26T20:24:34","date_gmt":"2025-02-26T19:24:34","guid":{"rendered":"https:\/\/njordadventures.com\/datenschutzerklarung\/"},"modified":"2025-08-01T23:42:51","modified_gmt":"2025-08-01T22:42:51","slug":"datenschutzerklarung","status":"publish","type":"page","link":"https:\/\/njordadventures.com\/de\/datenschutzerklarung\/","title":{"rendered":"Datenschutzerkl\u00e4rung"},"content":{"rendered":"\t\t<div data-elementor-type=\"wp-page\" data-elementor-id=\"5432\" class=\"elementor elementor-5432 elementor-3\" data-elementor-post-type=\"page\">\n\t\t\t\t<div class=\"elementor-element elementor-element-35c57db5 e-flex e-con-boxed syd-sticky-section-no e-con e-parent\" data-id=\"35c57db5\" data-element_type=\"container\" data-e-type=\"container\">\n\t\t\t\t\t<div class=\"e-con-inner\">\n\t\t\t\t<div class=\"elementor-element elementor-element-31112ac syd-sticky-section-no elementor-widget elementor-widget-heading\" data-id=\"31112ac\" data-element_type=\"widget\" data-e-type=\"widget\" data-widget_type=\"heading.default\">\n\t\t\t\t<div class=\"elementor-widget-container\">\n\t\t\t\t\t<h5 class=\"elementor-heading-title elementor-size-default\">\u00dcBERSICHT<\/h5>\t\t\t\t<\/div>\n\t\t\t\t<\/div>\n\t\t\t\t<div class=\"elementor-element elementor-element-c07ae81 elementor-widget-divider--view-line syd-sticky-section-no elementor-widget elementor-widget-divider\" data-id=\"c07ae81\" data-element_type=\"widget\" data-e-type=\"widget\" data-widget_type=\"divider.default\">\n\t\t\t\t<div class=\"elementor-widget-container\">\n\t\t\t\t\t\t\t<div class=\"elementor-divider\">\n\t\t\t<span class=\"elementor-divider-separator\">\n\t\t\t\t\t\t<\/span>\n\t\t<\/div>\n\t\t\t\t\t\t<\/div>\n\t\t\t\t<\/div>\n\t\t\t\t<div class=\"elementor-element elementor-element-7b06173 syd-sticky-section-no elementor-widget elementor-widget-text-editor\" data-id=\"7b06173\" data-element_type=\"widget\" data-e-type=\"widget\" data-widget_type=\"text-editor.default\">\n\t\t\t\t<div class=\"elementor-widget-container\">\n\t\t\t\t\t\t\t\t\t<ul>\n<li><em>Wir verkaufen keine Informationen, die \u00fcber unsere Website oder \u00fcber E-Mails, SMS, WhatsApp oder andere genutzte Kommunikationsdienste gesammelt wurden.<\/em><\/li>\n<li><em>Wir verwenden jedoch Google Analytics, um Ihr Verhalten auf unserer Website zu analysieren, erlauben Google jedoch nicht, diese Informationen an Dritte weiterzugeben. Sie k\u00f6nnen dem Tracking \u00fcber den Cookie-Einwilligungsdialog widersprechen.  <\/em><\/li>\n<li><em>Wir verwenden <a href=\"https:\/\/bookspot.io\/\">BookSpot<\/a>, einen schwedischen Buchungsdienst, der vollst\u00e4ndig der DSGVO entspricht und dem wir vertrauen, Ihre personenbezogenen Daten verantwortungsvoll zu verarbeiten.<\/em><\/li>\n<\/ul>\n<p> <\/p>\t\t\t\t\t\t\t\t<\/div>\n\t\t\t\t<\/div>\n\t\t\t\t<div class=\"elementor-element elementor-element-f36bc76 syd-sticky-section-no elementor-widget elementor-widget-heading\" data-id=\"f36bc76\" data-element_type=\"widget\" data-e-type=\"widget\" data-widget_type=\"heading.default\">\n\t\t\t\t<div class=\"elementor-widget-container\">\n\t\t\t\t\t<h5 class=\"elementor-heading-title elementor-size-default\">WER WIR SIND<\/h5>\t\t\t\t<\/div>\n\t\t\t\t<\/div>\n\t\t\t\t<div class=\"elementor-element elementor-element-6befd63 elementor-widget-divider--view-line syd-sticky-section-no elementor-widget elementor-widget-divider\" data-id=\"6befd63\" data-element_type=\"widget\" data-e-type=\"widget\" data-widget_type=\"divider.default\">\n\t\t\t\t<div class=\"elementor-widget-container\">\n\t\t\t\t\t\t\t<div class=\"elementor-divider\">\n\t\t\t<span class=\"elementor-divider-separator\">\n\t\t\t\t\t\t<\/span>\n\t\t<\/div>\n\t\t\t\t\t\t<\/div>\n\t\t\t\t<\/div>\n\t\t\t\t<div class=\"elementor-element elementor-element-68926a3 syd-sticky-section-no elementor-widget elementor-widget-text-editor\" data-id=\"68926a3\" data-element_type=\"widget\" data-e-type=\"widget\" data-widget_type=\"text-editor.default\">\n\t\t\t\t<div class=\"elementor-widget-container\">\n\t\t\t\t\t\t\t\t\t<ul>\n<li>Firmenname: Njord Adventure AS<\/li>\n<li>Org. nr: 935188849MVA <\/li>\n<li>Webadresse: https:\/\/njordadventures.com<\/li>\n<\/ul>\n<p><\/p>\t\t\t\t\t\t\t\t<\/div>\n\t\t\t\t<\/div>\n\t\t\t\t<div class=\"elementor-element elementor-element-0367f7b syd-sticky-section-no elementor-widget elementor-widget-heading\" data-id=\"0367f7b\" data-element_type=\"widget\" data-e-type=\"widget\" data-widget_type=\"heading.default\">\n\t\t\t\t<div class=\"elementor-widget-container\">\n\t\t\t\t\t<h5 class=\"elementor-heading-title elementor-size-default\">KOMMENTARE<\/h5>\t\t\t\t<\/div>\n\t\t\t\t<\/div>\n\t\t\t\t<div class=\"elementor-element elementor-element-a5890af elementor-widget-divider--view-line syd-sticky-section-no elementor-widget elementor-widget-divider\" data-id=\"a5890af\" data-element_type=\"widget\" data-e-type=\"widget\" data-widget_type=\"divider.default\">\n\t\t\t\t<div class=\"elementor-widget-container\">\n\t\t\t\t\t\t\t<div class=\"elementor-divider\">\n\t\t\t<span class=\"elementor-divider-separator\">\n\t\t\t\t\t\t<\/span>\n\t\t<\/div>\n\t\t\t\t\t\t<\/div>\n\t\t\t\t<\/div>\n\t\t\t\t<div class=\"elementor-element elementor-element-90304bc syd-sticky-section-no elementor-widget elementor-widget-text-editor\" data-id=\"90304bc\" data-element_type=\"widget\" data-e-type=\"widget\" data-widget_type=\"text-editor.default\">\n\t\t\t\t<div class=\"elementor-widget-container\">\n\t\t\t\t\t\t\t\t\t\n<p>Wenn Besucher Kommentare auf der Website hinterlassen, erfassen wir die Daten, die im Kommentarformular angezeigt werden, sowie die IP-Adresse des Besuchers und den User-Agent-String des Browsers, um bei der Erkennung von Spam zu helfen.<\/p>\n\n<p>Ein anonymisierter String, der aus Ihrer E-Mail-Adresse erstellt wird (auch Hash genannt), kann an den Gravatar-Dienst \u00fcbermittelt werden, um zu pr\u00fcfen, ob Sie diesen nutzen. Die Datenschutzrichtlinie des Gravatar-Dienstes finden Sie hier: https:\/\/automattic.com\/privacy\/. Nach der Freigabe Ihres Kommentars ist Ihr Profilbild im Zusammenhang mit Ihrem Kommentar f\u00fcr die \u00d6ffentlichkeit sichtbar. <\/p>\n\t\t\t\t\t\t\t\t<\/div>\n\t\t\t\t<\/div>\n\t\t\t\t<div class=\"elementor-element elementor-element-e2fa11f syd-sticky-section-no elementor-widget elementor-widget-heading\" data-id=\"e2fa11f\" data-element_type=\"widget\" data-e-type=\"widget\" data-widget_type=\"heading.default\">\n\t\t\t\t<div class=\"elementor-widget-container\">\n\t\t\t\t\t<h5 class=\"elementor-heading-title elementor-size-default\">COOKIES<\/h5>\t\t\t\t<\/div>\n\t\t\t\t<\/div>\n\t\t\t\t<div class=\"elementor-element elementor-element-451d1bf elementor-widget-divider--view-line syd-sticky-section-no elementor-widget elementor-widget-divider\" data-id=\"451d1bf\" data-element_type=\"widget\" data-e-type=\"widget\" data-widget_type=\"divider.default\">\n\t\t\t\t<div class=\"elementor-widget-container\">\n\t\t\t\t\t\t\t<div class=\"elementor-divider\">\n\t\t\t<span class=\"elementor-divider-separator\">\n\t\t\t\t\t\t<\/span>\n\t\t<\/div>\n\t\t\t\t\t\t<\/div>\n\t\t\t\t<\/div>\n\t\t\t\t<div class=\"elementor-element elementor-element-a4453ce syd-sticky-section-no elementor-widget elementor-widget-text-editor\" data-id=\"a4453ce\" data-element_type=\"widget\" data-e-type=\"widget\" data-widget_type=\"text-editor.default\">\n\t\t\t\t<div class=\"elementor-widget-container\">\n\t\t\t\t\t\t\t\t\t\n<p>Wenn Sie einen Kommentar auf unserer Website hinterlassen, k\u00f6nnen Sie zustimmen, dass Ihr Name, Ihre E-Mail-Adresse und Ihre Website in Cookies gespeichert werden. Dies dient Ihrem Komfort, damit Sie Ihre Daten nicht erneut eingeben m\u00fcssen, wenn Sie einen weiteren Kommentar hinterlassen. Diese Cookies bleiben ein Jahr lang gespeichert.  <\/p>\n\t\t\t\t\t\t\t\t<\/div>\n\t\t\t\t<\/div>\n\t\t\t\t<div class=\"elementor-element elementor-element-bd7cccb syd-sticky-section-no elementor-widget elementor-widget-heading\" data-id=\"bd7cccb\" data-element_type=\"widget\" data-e-type=\"widget\" data-widget_type=\"heading.default\">\n\t\t\t\t<div class=\"elementor-widget-container\">\n\t\t\t\t\t<h5 class=\"elementor-heading-title elementor-size-default\">UNSER BUCHUNGSSYSTEM: Bookspot<\/h5>\t\t\t\t<\/div>\n\t\t\t\t<\/div>\n\t\t\t\t<div class=\"elementor-element elementor-element-7848969 elementor-widget-divider--view-line syd-sticky-section-no elementor-widget elementor-widget-divider\" data-id=\"7848969\" data-element_type=\"widget\" data-e-type=\"widget\" data-widget_type=\"divider.default\">\n\t\t\t\t<div class=\"elementor-widget-container\">\n\t\t\t\t\t\t\t<div class=\"elementor-divider\">\n\t\t\t<span class=\"elementor-divider-separator\">\n\t\t\t\t\t\t<\/span>\n\t\t<\/div>\n\t\t\t\t\t\t<\/div>\n\t\t\t\t<\/div>\n\t\t\t\t<div class=\"elementor-element elementor-element-b4a2a99 syd-sticky-section-no elementor-widget elementor-widget-text-editor\" data-id=\"b4a2a99\" data-element_type=\"widget\" data-e-type=\"widget\" data-widget_type=\"text-editor.default\">\n\t\t\t\t<div class=\"elementor-widget-container\">\n\t\t\t\t\t\t\t\t\t<p>Wir verwenden BookSpot als unser Buchungssystem.&nbsp;Ausgehend von den praktischen Erfahrungen der Gr\u00fcnder bei der Verwaltung von Stockholms L\u00e5ngholmen Kajak wurde BookSpot entwickelt, um die Herausforderungen im Buchungsmanagement zu bew\u00e4ltigen.&nbsp;BookSpot ist ein kleines, kundenorientiertes Unternehmen \u2013 genau wie wir \u2013 und deshalb nutzen wir deren Dienste.<\/p>\n<p>BookSpot legt gro\u00dfen Wert auf Datenschutz und geht verantwortungsbewusst mit personenbezogenen Daten um. Sie erheben nur die notwendigen Informationen, um ihre Dienste anzubieten, speichern die Daten sicher und geben sie nicht an Dritte weiter, au\u00dfer wenn dies gesetzlich vorgeschrieben ist oder f\u00fcr die Funktionalit\u00e4t der Dienste unerl\u00e4sslich ist. Nutzer haben das Recht, ihre Daten gem\u00e4\u00df den Datenschutzbestimmungen einzusehen, zu \u00e4ndern oder zu l\u00f6schen.  <\/p>\n<p><a href=\"https:\/\/bookspot.io\/en\/privacy-policy\/\">Lesen Sie \u00fcber deren Datenschutzerkl\u00e4rung<\/a>&nbsp;<\/p>\t\t\t\t\t\t\t\t<\/div>\n\t\t\t\t<\/div>\n\t\t\t\t<div class=\"elementor-element elementor-element-24ae15d syd-sticky-section-no elementor-widget elementor-widget-heading\" data-id=\"24ae15d\" data-element_type=\"widget\" data-e-type=\"widget\" data-widget_type=\"heading.default\">\n\t\t\t\t<div class=\"elementor-widget-container\">\n\t\t\t\t\t<h5 class=\"elementor-heading-title elementor-size-default\">Eingebettete Inhalte von anderen Websites<\/h5>\t\t\t\t<\/div>\n\t\t\t\t<\/div>\n\t\t\t\t<div class=\"elementor-element elementor-element-b43a5e3 elementor-widget-divider--view-line syd-sticky-section-no elementor-widget elementor-widget-divider\" data-id=\"b43a5e3\" data-element_type=\"widget\" data-e-type=\"widget\" data-widget_type=\"divider.default\">\n\t\t\t\t<div class=\"elementor-widget-container\">\n\t\t\t\t\t\t\t<div class=\"elementor-divider\">\n\t\t\t<span class=\"elementor-divider-separator\">\n\t\t\t\t\t\t<\/span>\n\t\t<\/div>\n\t\t\t\t\t\t<\/div>\n\t\t\t\t<\/div>\n\t\t\t\t<div class=\"elementor-element elementor-element-b277a64 syd-sticky-section-no elementor-widget elementor-widget-text-editor\" data-id=\"b277a64\" data-element_type=\"widget\" data-e-type=\"widget\" data-widget_type=\"text-editor.default\">\n\t\t\t\t<div class=\"elementor-widget-container\">\n\t\t\t\t\t\t\t\t\t<p>Artikel auf dieser Website k\u00f6nnen eingebettete Inhalte enthalten (z. B. Videos, Bilder, Artikel usw.). Eingebettete Inhalte von anderen Websites verhalten sich genau so, als ob der Besucher die andere Website direkt besucht h\u00e4tte. <\/p>\n<ul>\n<li>Wir verwenden eingebettete Videos von <a href=\"https:\/\/vimeo.com\/privacy\" target=\"_blank\" rel=\"noopener\">Vimeo<\/a> <\/li>\n<li>Wir betten Fotos von <a href=\"https:\/\/privacycenter.instagram.com\/policy\" target=\"_blank\" rel=\"noopener\">Instagram<\/a> ein<\/li>\n<\/ul>\n<p><\/p>\n<p>Diese Websites k\u00f6nnen Daten \u00fcber Sie sammeln, Cookies verwenden, zus\u00e4tzliche Tracking-Dienste von Drittanbietern einbetten und Ihre Interaktionen mit den eingebetteten Inhalten \u00fcberwachen, einschlie\u00dflich der Nachverfolgung Ihrer Interaktionen, wenn Sie ein Konto haben und auf dieser Website eingeloggt sind.<\/p>\n<p><\/p>\t\t\t\t\t\t\t\t<\/div>\n\t\t\t\t<\/div>\n\t\t\t\t<div class=\"elementor-element elementor-element-15d56fc syd-sticky-section-no elementor-widget elementor-widget-heading\" data-id=\"15d56fc\" data-element_type=\"widget\" data-e-type=\"widget\" data-widget_type=\"heading.default\">\n\t\t\t\t<div class=\"elementor-widget-container\">\n\t\t\t\t\t<h5 class=\"elementor-heading-title elementor-size-default\">MIT WEM WIR IHRE DATEN TEILEN<\/h5>\t\t\t\t<\/div>\n\t\t\t\t<\/div>\n\t\t\t\t<div class=\"elementor-element elementor-element-6217ea0 elementor-widget-divider--view-line syd-sticky-section-no elementor-widget elementor-widget-divider\" data-id=\"6217ea0\" data-element_type=\"widget\" data-e-type=\"widget\" data-widget_type=\"divider.default\">\n\t\t\t\t<div class=\"elementor-widget-container\">\n\t\t\t\t\t\t\t<div class=\"elementor-divider\">\n\t\t\t<span class=\"elementor-divider-separator\">\n\t\t\t\t\t\t<\/span>\n\t\t<\/div>\n\t\t\t\t\t\t<\/div>\n\t\t\t\t<\/div>\n\t\t\t\t<div class=\"elementor-element elementor-element-b7bc5f3 syd-sticky-section-no elementor-widget elementor-widget-text-editor\" data-id=\"b7bc5f3\" data-element_type=\"widget\" data-e-type=\"widget\" data-widget_type=\"text-editor.default\">\n\t\t\t\t<div class=\"elementor-widget-container\">\n\t\t\t\t\t\t\t\t\t<p>Wir verwenden Google Analytics, um ein besseres Verst\u00e4ndnis daf\u00fcr zu bekommen, wie die Website genutzt wird, und um zu analysieren, wie unsere Online-Werbung funktioniert.<br>Google hat von unserer Seite Zugriff auf Ihre IP-Adresse und kann ein Cookie in Ihrem Browser setzen, um Ihr Verhalten auf unserer Website zu verfolgen.<\/p>\n<p><\/p>\n<p><strong>Wir verkaufen keine pers\u00f6nlichen Daten wie Namen, Telefonnummern oder E-Mail-Adressen an Dritte!<\/strong><\/p>\n<p><\/p>\t\t\t\t\t\t\t\t<\/div>\n\t\t\t\t<\/div>\n\t\t\t\t<div class=\"elementor-element elementor-element-10e72dd syd-sticky-section-no elementor-widget elementor-widget-heading\" data-id=\"10e72dd\" data-element_type=\"widget\" data-e-type=\"widget\" data-widget_type=\"heading.default\">\n\t\t\t\t<div class=\"elementor-widget-container\">\n\t\t\t\t\t<h5 class=\"elementor-heading-title elementor-size-default\">Wie lange wir Ihre Daten aufbewahren<\/h5>\t\t\t\t<\/div>\n\t\t\t\t<\/div>\n\t\t\t\t<div class=\"elementor-element elementor-element-1c1c3d3 elementor-widget-divider--view-line syd-sticky-section-no elementor-widget elementor-widget-divider\" data-id=\"1c1c3d3\" data-element_type=\"widget\" data-e-type=\"widget\" data-widget_type=\"divider.default\">\n\t\t\t\t<div class=\"elementor-widget-container\">\n\t\t\t\t\t\t\t<div class=\"elementor-divider\">\n\t\t\t<span class=\"elementor-divider-separator\">\n\t\t\t\t\t\t<\/span>\n\t\t<\/div>\n\t\t\t\t\t\t<\/div>\n\t\t\t\t<\/div>\n\t\t\t\t<div class=\"elementor-element elementor-element-5418fef syd-sticky-section-no elementor-widget elementor-widget-text-editor\" data-id=\"5418fef\" data-element_type=\"widget\" data-e-type=\"widget\" data-widget_type=\"text-editor.default\">\n\t\t\t\t<div class=\"elementor-widget-container\">\n\t\t\t\t\t\t\t\t\t<p>Wenn Sie einen Kommentar hinterlassen, werden der Kommentar und seine Metadaten dauerhaft gespeichert. So k\u00f6nnen wir Folgekommentare automatisch erkennen und freigeben, anstatt sie in einer Moderationswarteschlange zu halten. <\/p>\n<p><\/p>\n<p>F\u00fcr Nutzer, die sich auf unserer Website registrieren (sofern vorhanden), speichern wir auch die personenbezogenen Daten, die sie in ihrem Nutzerprofil angeben. Alle Nutzer k\u00f6nnen ihre pers\u00f6nlichen Daten jederzeit einsehen, bearbeiten oder l\u00f6schen. Auch Website-Administratoren k\u00f6nnen diese Informationen einsehen und bearbeiten.  <\/p>\n<p><\/p>\t\t\t\t\t\t\t\t<\/div>\n\t\t\t\t<\/div>\n\t\t\t\t<div class=\"elementor-element elementor-element-620257e syd-sticky-section-no elementor-widget elementor-widget-heading\" data-id=\"620257e\" data-element_type=\"widget\" data-e-type=\"widget\" data-widget_type=\"heading.default\">\n\t\t\t\t<div class=\"elementor-widget-container\">\n\t\t\t\t\t<h5 class=\"elementor-heading-title elementor-size-default\">Welche Rechte Sie an Ihren Daten haben<\/h5>\t\t\t\t<\/div>\n\t\t\t\t<\/div>\n\t\t\t\t<div class=\"elementor-element elementor-element-07bc41c elementor-widget-divider--view-line syd-sticky-section-no elementor-widget elementor-widget-divider\" data-id=\"07bc41c\" data-element_type=\"widget\" data-e-type=\"widget\" data-widget_type=\"divider.default\">\n\t\t\t\t<div class=\"elementor-widget-container\">\n\t\t\t\t\t\t\t<div class=\"elementor-divider\">\n\t\t\t<span class=\"elementor-divider-separator\">\n\t\t\t\t\t\t<\/span>\n\t\t<\/div>\n\t\t\t\t\t\t<\/div>\n\t\t\t\t<\/div>\n\t\t\t\t<div class=\"elementor-element elementor-element-bdc4e9d syd-sticky-section-no elementor-widget elementor-widget-text-editor\" data-id=\"bdc4e9d\" data-element_type=\"widget\" data-e-type=\"widget\" data-widget_type=\"text-editor.default\">\n\t\t\t\t<div class=\"elementor-widget-container\">\n\t\t\t\t\t\t\t\t\t\n<p>Wenn Sie ein Konto auf dieser Website haben oder Kommentare hinterlassen haben, k\u00f6nnen Sie verlangen, dass wir alle personenbezogenen Daten, die wir von Ihnen gespeichert haben, l\u00f6schen. Dies schlie\u00dft jedoch keine Daten ein, die wir aus rechtlichen Gr\u00fcnden aufbewahren m\u00fcssen. <\/p>\n\t\t\t\t\t\t\t\t<\/div>\n\t\t\t\t<\/div>\n\t\t\t\t<div class=\"elementor-element elementor-element-6007651 syd-sticky-section-no elementor-widget elementor-widget-button\" data-id=\"6007651\" data-element_type=\"widget\" data-e-type=\"widget\" data-widget_type=\"button.default\">\n\t\t\t\t<div class=\"elementor-widget-container\">\n\t\t\t\t\t\t\t\t\t<div class=\"elementor-button-wrapper\">\n\t\t\t\t\t<a class=\"elementor-button elementor-button-link elementor-size-sm\" href=\"https:\/\/njordadventures.com\/de\/kontakt\/\">\n\t\t\t\t\t\t<span class=\"elementor-button-content-wrapper\">\n\t\t\t\t\t\t\t\t\t<span class=\"elementor-button-text\">Kontakt<\/span>\n\t\t\t\t\t<\/span>\n\t\t\t\t\t<\/a>\n\t\t\t\t<\/div>\n\t\t\t\t\t\t\t\t<\/div>\n\t\t\t\t<\/div>\n\t\t\t\t<div class=\"elementor-element elementor-element-dbe6d15 syd-sticky-section-no elementor-widget elementor-widget-spacer\" data-id=\"dbe6d15\" data-element_type=\"widget\" data-e-type=\"widget\" data-widget_type=\"spacer.default\">\n\t\t\t\t<div class=\"elementor-widget-container\">\n\t\t\t\t\t\t\t<div class=\"elementor-spacer\">\n\t\t\t<div class=\"elementor-spacer-inner\"><\/div>\n\t\t<\/div>\n\t\t\t\t\t\t<\/div>\n\t\t\t\t<\/div>\n\t\t\t\t\t<\/div>\n\t\t\t\t<\/div>\n\t\t\t\t<\/div>\n\t\t","protected":false},"excerpt":{"rendered":"<p>\u00dcBERSICHT Wir verkaufen keine Informationen, die \u00fcber unsere Website oder \u00fcber E-Mails, SMS, WhatsApp oder andere genutzte Kommunikationsdienste gesammelt wurden. Wir verwenden jedoch Google Analytics, um Ihr Verhalten auf unserer Website zu analysieren, erlauben Google jedoch nicht, diese Informationen [&hellip;]<\/p>\n","protected":false},"author":1,"featured_media":5056,"parent":0,"menu_order":0,"comment_status":"closed","ping_status":"open","template":"","meta":{"footnotes":""},"class_list":["post-5432","page","type-page","status-publish","has-post-thumbnail","hentry"],"_links":{"self":[{"href":"https:\/\/njordadventures.com\/de\/wp-json\/wp\/v2\/pages\/5432","targetHints":{"allow":["GET"]}}],"collection":[{"href":"https:\/\/njordadventures.com\/de\/wp-json\/wp\/v2\/pages"}],"about":[{"href":"https:\/\/njordadventures.com\/de\/wp-json\/wp\/v2\/types\/page"}],"author":[{"embeddable":true,"href":"https:\/\/njordadventures.com\/de\/wp-json\/wp\/v2\/users\/1"}],"replies":[{"embeddable":true,"href":"https:\/\/njordadventures.com\/de\/wp-json\/wp\/v2\/comments?post=5432"}],"version-history":[{"count":0,"href":"https:\/\/njordadventures.com\/de\/wp-json\/wp\/v2\/pages\/5432\/revisions"}],"wp:featuredmedia":[{"embeddable":true,"href":"https:\/\/njordadventures.com\/de\/wp-json\/wp\/v2\/media\/5056"}],"wp:attachment":[{"href":"https:\/\/njordadventures.com\/de\/wp-json\/wp\/v2\/media?parent=5432"}],"curies":[{"name":"wp","href":"https:\/\/api.w.org\/{rel}","templated":true}]}}