{"id":5402,"date":"2021-03-23T14:00:57","date_gmt":"2021-03-23T13:00:57","guid":{"rendered":"https:\/\/njordadventures.com\/unser_oot\/"},"modified":"2025-08-03T00:55:10","modified_gmt":"2025-08-02T23:55:10","slug":"unser_boot","status":"publish","type":"page","link":"https:\/\/njordadventures.com\/de\/unser_boot\/","title":{"rendered":"Unser Boot"},"content":{"rendered":"\t\t<div data-elementor-type=\"wp-page\" data-elementor-id=\"5402\" class=\"elementor elementor-5402 elementor-1420\" data-elementor-post-type=\"page\">\n\t\t\t\t<div class=\"elementor-element elementor-element-53546eb e-flex e-con-boxed syd-sticky-section-no e-con e-parent\" data-id=\"53546eb\" data-element_type=\"container\" data-e-type=\"container\">\n\t\t\t\t\t<div class=\"e-con-inner\">\n\t\t<div class=\"elementor-element elementor-element-a91e7c2 e-con-full e-flex syd-sticky-section-no e-con e-child\" data-id=\"a91e7c2\" data-element_type=\"container\" data-e-type=\"container\">\n\t\t\t\t<div class=\"elementor-element elementor-element-99b816f syd-sticky-section-no elementor-widget elementor-widget-heading\" data-id=\"99b816f\" data-element_type=\"widget\" data-e-type=\"widget\" data-widget_type=\"heading.default\">\n\t\t\t\t<div class=\"elementor-widget-container\">\n\t\t\t\t\t<h5 class=\"elementor-heading-title elementor-size-default\">SYLVKALLEN<\/h5>\t\t\t\t<\/div>\n\t\t\t\t<\/div>\n\t\t\t\t<div class=\"elementor-element elementor-element-1c60e88 elementor-widget-divider--view-line syd-sticky-section-no elementor-widget elementor-widget-divider\" data-id=\"1c60e88\" data-element_type=\"widget\" data-e-type=\"widget\" data-widget_type=\"divider.default\">\n\t\t\t\t<div class=\"elementor-widget-container\">\n\t\t\t\t\t\t\t<div class=\"elementor-divider\">\n\t\t\t<span class=\"elementor-divider-separator\">\n\t\t\t\t\t\t<\/span>\n\t\t<\/div>\n\t\t\t\t\t\t<\/div>\n\t\t\t\t<\/div>\n\t\t\t\t<div class=\"elementor-element elementor-element-253ae22 syd-sticky-section-no elementor-widget elementor-widget-text-editor\" data-id=\"253ae22\" data-element_type=\"widget\" data-e-type=\"widget\" data-widget_type=\"text-editor.default\">\n\t\t\t\t<div class=\"elementor-widget-container\">\n\t\t\t\t\t\t\t\t\t<p>Unser Schiff MS Sylvkallen ist ein 17 Meter langer Einr\u00fcmpfer mit zwei gem\u00fctlichen Innenr\u00e4umen<br>und einem ger\u00e4umigen Deck. Unser Schiff MS Sylvkallen ist ein 17 Meter langer Einr\u00fcmpfer mit zwei gem\u00fctlichen Innenr\u00e4umen<br>und einem ger\u00e4umigen Deck. Sie ist mit allen notwendigen Sicherheitsausr\u00fcstungen<br>ausgestattet und ein robustes und seet\u00fcchtiges Boot, das sich perfekt f\u00fcr die schwierigen Bedingungen<br>auf dem Nordmeer eignet.<\/p>\t\t\t\t\t\t\t\t<\/div>\n\t\t\t\t<\/div>\n\t\t\t\t<\/div>\n\t\t\t\t\t<\/div>\n\t\t\t\t<\/div>\n\t\t<div class=\"elementor-element elementor-element-0c1a7f8 e-flex e-con-boxed syd-sticky-section-no elementor-invisible e-con e-parent\" data-id=\"0c1a7f8\" data-element_type=\"container\" data-e-type=\"container\" data-settings=\"{&quot;animation&quot;:&quot;fadeIn&quot;}\">\n\t\t\t\t\t<div class=\"e-con-inner\">\n\t\t<div class=\"elementor-element elementor-element-4f97e93 e-con-full e-flex syd-sticky-section-no e-con e-child\" data-id=\"4f97e93\" data-element_type=\"container\" data-e-type=\"container\">\n\t\t\t\t<div class=\"elementor-element elementor-element-e8553a8 syd-sticky-section-no elementor-widget elementor-widget-video\" data-id=\"e8553a8\" data-element_type=\"widget\" data-e-type=\"widget\" data-settings=\"{&quot;video_type&quot;:&quot;vimeo&quot;,&quot;autoplay&quot;:&quot;yes&quot;,&quot;play_on_mobile&quot;:&quot;yes&quot;,&quot;loop&quot;:&quot;yes&quot;}\" data-widget_type=\"video.default\">\n\t\t\t\t<div class=\"elementor-widget-container\">\n\t\t\t\t\t\t\t<div class=\"elementor-wrapper elementor-open-inline\">\n\t\t\t<iframe class=\"elementor-video-iframe\" allowfullscreen allow=\"autoplay\" title=\"vimeo Video Player\" src=\"https:\/\/player.vimeo.com\/video\/884436761?autoplay=1&amp;playsinline=1&amp;color&amp;autopause=0&amp;loop=1&amp;muted=0&amp;title=0&amp;portrait=0&amp;byline=0&amp;h=2d8090208e#t=\"><\/iframe>\t\t<\/div>\n\t\t\t\t\t\t<\/div>\n\t\t\t\t<\/div>\n\t\t\t\t<div class=\"elementor-element elementor-element-fc42209 syd-sticky-section-no elementor-widget elementor-widget-heading\" data-id=\"fc42209\" data-element_type=\"widget\" data-e-type=\"widget\" data-widget_type=\"heading.default\">\n\t\t\t\t<div class=\"elementor-widget-container\">\n\t\t\t\t\t<p class=\"elementor-heading-title elementor-size-default\"><a href=\"https:\/\/www.instagram.com\/buendiaphotography\/\" target=\"_blank\">Videos von David Gonzalez Buendia | @buendiaphotography <\/a><\/p>\t\t\t\t<\/div>\n\t\t\t\t<\/div>\n\t\t\t\t<\/div>\n\t\t\t\t\t<\/div>\n\t\t\t\t<\/div>\n\t\t<div class=\"elementor-element elementor-element-cc43361 animated-slow e-flex e-con-boxed syd-sticky-section-no elementor-invisible e-con e-parent\" data-id=\"cc43361\" data-element_type=\"container\" data-e-type=\"container\" data-settings=\"{&quot;animation&quot;:&quot;fadeIn&quot;}\">\n\t\t\t\t\t<div class=\"e-con-inner\">\n\t\t<div class=\"elementor-element elementor-element-fb4548c e-con-full e-flex syd-sticky-section-no e-con e-child\" data-id=\"fb4548c\" data-element_type=\"container\" data-e-type=\"container\">\n\t\t\t\t<div class=\"elementor-element elementor-element-089229e syd-sticky-section-no elementor-widget elementor-widget-heading\" data-id=\"089229e\" data-element_type=\"widget\" data-e-type=\"widget\" data-widget_type=\"heading.default\">\n\t\t\t\t<div class=\"elementor-widget-container\">\n\t\t\t\t\t<h5 class=\"elementor-heading-title elementor-size-default\">FAKTEN \u00dcBER DAS BOOT<\/h5>\t\t\t\t<\/div>\n\t\t\t\t<\/div>\n\t\t\t\t<div class=\"elementor-element elementor-element-fdeeccc elementor-widget-divider--view-line syd-sticky-section-no elementor-widget elementor-widget-divider\" data-id=\"fdeeccc\" data-element_type=\"widget\" data-e-type=\"widget\" data-widget_type=\"divider.default\">\n\t\t\t\t<div class=\"elementor-widget-container\">\n\t\t\t\t\t\t\t<div class=\"elementor-divider\">\n\t\t\t<span class=\"elementor-divider-separator\">\n\t\t\t\t\t\t<\/span>\n\t\t<\/div>\n\t\t\t\t\t\t<\/div>\n\t\t\t\t<\/div>\n\t\t\t\t<div class=\"elementor-element elementor-element-307b53b syd-sticky-section-no elementor-widget elementor-widget-text-editor\" data-id=\"307b53b\" data-element_type=\"widget\" data-e-type=\"widget\" data-widget_type=\"text-editor.default\">\n\t\t\t\t<div class=\"elementor-widget-container\">\n\t\t\t\t\t\t\t\t\t<ul><li>Name: &#8220;Sylvkallen&#8221;<\/li><li>L\u00e4nge: 17 metres<\/li><li>Breite: 4.6 metres<\/li><li>Brutto: 31t<\/li><li>Netto: 13t<\/li><li>Motoren: 2 x 650 Hp MAN V12<\/li><li>Reisegeschwindigkeit: 22 kts (25 mph\/41 kmph)<\/li><li>H\u00f6chstgeschwindigkeit: 30 kts (34 mph\/54 kmph)<\/li><li>Kapazit\u00e4t: 45 Passagiere (36 auf Walsafari)<\/li><li>Toilette <\/li><\/ul>\t\t\t\t\t\t\t\t<\/div>\n\t\t\t\t<\/div>\n\t\t\t\t<div class=\"elementor-element elementor-element-525e10e syd-sticky-section-no elementor-widget elementor-widget-spacer\" data-id=\"525e10e\" data-element_type=\"widget\" data-e-type=\"widget\" data-widget_type=\"spacer.default\">\n\t\t\t\t<div class=\"elementor-widget-container\">\n\t\t\t\t\t\t\t<div class=\"elementor-spacer\">\n\t\t\t<div class=\"elementor-spacer-inner\"><\/div>\n\t\t<\/div>\n\t\t\t\t\t\t<\/div>\n\t\t\t\t<\/div>\n\t\t\t\t<\/div>\n\t\t<div class=\"elementor-element elementor-element-1b8dd8f e-con-full e-flex syd-sticky-section-no e-con e-child\" data-id=\"1b8dd8f\" data-element_type=\"container\" data-e-type=\"container\">\n\t\t\t\t<div class=\"elementor-element elementor-element-cddc315 elementor-arrows-position-inside syd-sticky-section-no elementor-widget elementor-widget-image-carousel\" data-id=\"cddc315\" data-element_type=\"widget\" data-e-type=\"widget\" data-settings=\"{&quot;slides_to_show&quot;:&quot;1&quot;,&quot;navigation&quot;:&quot;arrows&quot;,&quot;autoplay&quot;:&quot;yes&quot;,&quot;pause_on_hover&quot;:&quot;yes&quot;,&quot;pause_on_interaction&quot;:&quot;yes&quot;,&quot;autoplay_speed&quot;:5000,&quot;infinite&quot;:&quot;yes&quot;,&quot;effect&quot;:&quot;slide&quot;,&quot;speed&quot;:500}\" data-widget_type=\"image-carousel.default\">\n\t\t\t\t<div class=\"elementor-widget-container\">\n\t\t\t\t\t\t\t<div class=\"elementor-image-carousel-wrapper swiper\" role=\"region\" aria-roledescription=\"carousel\" aria-label=\"Image Carousel\" dir=\"ltr\">\n\t\t\t<div class=\"elementor-image-carousel swiper-wrapper\" aria-live=\"off\">\n\t\t\t\t\t\t\t\t<div class=\"swiper-slide\" role=\"group\" aria-roledescription=\"slide\" aria-label=\"1 of 7\"><a data-elementor-open-lightbox=\"yes\" data-elementor-lightbox-slideshow=\"cddc315\" data-e-action-hash=\"#elementor-action%3Aaction%3Dlightbox%26settings%3DeyJpZCI6NTIwMiwidXJsIjoiaHR0cHM6XC9cL25qb3JkYWR2ZW50dXJlcy5jb21cL3dwLWNvbnRlbnRcL3VwbG9hZHNcLzIwMjVcLzAzXC9QWExfMjAyNTAxMDVfMTEyODI3Mjk5My0xLXNjYWxlZC1lMTc0MzA3NTQyNzI4NS5qcGciLCJzbGlkZXNob3ciOiJjZGRjMzE1In0%3D\" href=\"https:\/\/njordadventures.com\/wp-content\/uploads\/2025\/03\/PXL_20250105_1128272993-1-scaled-e1743075427285.jpg\"><figure class=\"swiper-slide-inner\"><img decoding=\"async\" class=\"swiper-slide-image\" src=\"https:\/\/njordadventures.com\/wp-content\/uploads\/2025\/03\/PXL_20250105_1128272993-1-scaled-e1741032686674-1024x766.jpg\" alt=\"PXL_20250105_112827299~3\" \/><\/figure><\/a><\/div><div class=\"swiper-slide\" role=\"group\" aria-roledescription=\"slide\" aria-label=\"2 of 7\"><a data-elementor-open-lightbox=\"yes\" data-elementor-lightbox-slideshow=\"cddc315\" data-e-action-hash=\"#elementor-action%3Aaction%3Dlightbox%26settings%3DeyJpZCI6NTE5NiwidXJsIjoiaHR0cHM6XC9cL25qb3JkYWR2ZW50dXJlcy5jb21cL3dwLWNvbnRlbnRcL3VwbG9hZHNcLzIwMjVcLzAzXC9JTUdfMjAyMDA4MDJfMTQxOTIxLXNjYWxlZC0xLmpwZyIsInNsaWRlc2hvdyI6ImNkZGMzMTUifQ%3D%3D\" href=\"https:\/\/njordadventures.com\/wp-content\/uploads\/2025\/03\/IMG_20200802_141921-scaled-1.jpg\"><figure class=\"swiper-slide-inner\"><img decoding=\"async\" class=\"swiper-slide-image\" src=\"https:\/\/njordadventures.com\/wp-content\/uploads\/2025\/03\/IMG_20200802_141921-scaled-1-1024x768.jpg\" alt=\"IMG_20200802_141921-scaled-1\" \/><\/figure><\/a><\/div><div class=\"swiper-slide\" role=\"group\" aria-roledescription=\"slide\" aria-label=\"3 of 7\"><a data-elementor-open-lightbox=\"yes\" data-elementor-lightbox-slideshow=\"cddc315\" data-e-action-hash=\"#elementor-action%3Aaction%3Dlightbox%26settings%3DeyJpZCI6NTE5MiwidXJsIjoiaHR0cHM6XC9cL25qb3JkYWR2ZW50dXJlcy5jb21cL3dwLWNvbnRlbnRcL3VwbG9hZHNcLzIwMjVcLzAzXC9JTUdfMjAyMDA4MDJfMTQxOTU1LXNjYWxlZC0xLmpwZyIsInNsaWRlc2hvdyI6ImNkZGMzMTUifQ%3D%3D\" href=\"https:\/\/njordadventures.com\/wp-content\/uploads\/2025\/03\/IMG_20200802_141955-scaled-1.jpg\"><figure class=\"swiper-slide-inner\"><img decoding=\"async\" class=\"swiper-slide-image\" src=\"https:\/\/njordadventures.com\/wp-content\/uploads\/2025\/03\/IMG_20200802_141955-scaled-1-1024x768.jpg\" alt=\"IMG_20200802_141955-scaled-1\" \/><\/figure><\/a><\/div><div class=\"swiper-slide\" role=\"group\" aria-roledescription=\"slide\" aria-label=\"4 of 7\"><a data-elementor-open-lightbox=\"yes\" data-elementor-lightbox-slideshow=\"cddc315\" data-e-action-hash=\"#elementor-action%3Aaction%3Dlightbox%26settings%3DeyJpZCI6NTE0NCwidXJsIjoiaHR0cHM6XC9cL25qb3JkYWR2ZW50dXJlcy5jb21cL3dwLWNvbnRlbnRcL3VwbG9hZHNcLzIwMjVcLzAzXC9JTUdfMjAyNTAzMDFfMjA1MjM4LmpwZyIsInNsaWRlc2hvdyI6ImNkZGMzMTUifQ%3D%3D\" href=\"https:\/\/njordadventures.com\/wp-content\/uploads\/2025\/03\/IMG_20250301_205238.jpg\"><figure class=\"swiper-slide-inner\"><img decoding=\"async\" class=\"swiper-slide-image\" src=\"https:\/\/njordadventures.com\/wp-content\/uploads\/2025\/03\/IMG_20250301_205238-1024x768.jpg\" alt=\"Oplus_0\" \/><\/figure><\/a><\/div><div class=\"swiper-slide\" role=\"group\" aria-roledescription=\"slide\" aria-label=\"5 of 7\"><a data-elementor-open-lightbox=\"yes\" data-elementor-lightbox-slideshow=\"cddc315\" data-e-action-hash=\"#elementor-action%3Aaction%3Dlightbox%26settings%3DeyJpZCI6NTE4OCwidXJsIjoiaHR0cHM6XC9cL25qb3JkYWR2ZW50dXJlcy5jb21cL3dwLWNvbnRlbnRcL3VwbG9hZHNcLzIwMjVcLzAzXC9JTUdfMjAyMDA4MDJfMTQyMDMxLXNjYWxlZC0xLmpwZyIsInNsaWRlc2hvdyI6ImNkZGMzMTUifQ%3D%3D\" href=\"https:\/\/njordadventures.com\/wp-content\/uploads\/2025\/03\/IMG_20200802_142031-scaled-1.jpg\"><figure class=\"swiper-slide-inner\"><img decoding=\"async\" class=\"swiper-slide-image\" src=\"https:\/\/njordadventures.com\/wp-content\/uploads\/2025\/03\/IMG_20200802_142031-scaled-1-1024x768.jpg\" alt=\"IMG_20200802_142031-scaled-1\" \/><\/figure><\/a><\/div><div class=\"swiper-slide\" role=\"group\" aria-roledescription=\"slide\" aria-label=\"6 of 7\"><a data-elementor-open-lightbox=\"yes\" data-elementor-lightbox-slideshow=\"cddc315\" data-e-action-hash=\"#elementor-action%3Aaction%3Dlightbox%26settings%3DeyJpZCI6NTE5MCwidXJsIjoiaHR0cHM6XC9cL25qb3JkYWR2ZW50dXJlcy5jb21cL3dwLWNvbnRlbnRcL3VwbG9hZHNcLzIwMjVcLzAzXC9JTUdfMjAyMDA4MDJfMTQyMDE5LXNjYWxlZC0xLmpwZyIsInNsaWRlc2hvdyI6ImNkZGMzMTUifQ%3D%3D\" href=\"https:\/\/njordadventures.com\/wp-content\/uploads\/2025\/03\/IMG_20200802_142019-scaled-1.jpg\"><figure class=\"swiper-slide-inner\"><img decoding=\"async\" class=\"swiper-slide-image\" src=\"https:\/\/njordadventures.com\/wp-content\/uploads\/2025\/03\/IMG_20200802_142019-scaled-1-1024x768.jpg\" alt=\"IMG_20200802_142019-scaled-1\" \/><\/figure><\/a><\/div><div class=\"swiper-slide\" role=\"group\" aria-roledescription=\"slide\" aria-label=\"7 of 7\"><a data-elementor-open-lightbox=\"yes\" data-elementor-lightbox-slideshow=\"cddc315\" data-e-action-hash=\"#elementor-action%3Aaction%3Dlightbox%26settings%3DeyJpZCI6NTE4NCwidXJsIjoiaHR0cHM6XC9cL25qb3JkYWR2ZW50dXJlcy5jb21cL3dwLWNvbnRlbnRcL3VwbG9hZHNcLzIwMjVcLzAzXC9yZWNlaXZlZF83OTIzNTczNzYwMjkzNDQtc2NhbGVkLWUxNzQxMDMyMzMwNjcwLmpwZWciLCJzbGlkZXNob3ciOiJjZGRjMzE1In0%3D\" href=\"https:\/\/njordadventures.com\/wp-content\/uploads\/2025\/03\/received_792357376029344-scaled-e1741032330670.jpeg\"><figure class=\"swiper-slide-inner\"><img decoding=\"async\" class=\"swiper-slide-image\" src=\"https:\/\/njordadventures.com\/wp-content\/uploads\/2025\/03\/received_792357376029344-scaled-e1741032330670-1024x769.jpeg\" alt=\"received_792357376029344\" \/><\/figure><\/a><\/div>\t\t\t<\/div>\n\t\t\t\t\t\t\t\t\t\t\t\t<div class=\"elementor-swiper-button elementor-swiper-button-prev\" role=\"button\" tabindex=\"0\">\n\t\t\t\t\t\t<svg aria-hidden=\"true\" class=\"e-font-icon-svg e-eicon-chevron-left\" viewBox=\"0 0 1000 1000\" xmlns=\"http:\/\/www.w3.org\/2000\/svg\"><path d=\"M646 125C629 125 613 133 604 142L308 442C296 454 292 471 292 487 292 504 296 521 308 533L604 854C617 867 629 875 646 875 663 875 679 871 692 858 704 846 713 829 713 812 713 796 708 779 692 767L438 487 692 225C700 217 708 204 708 187 708 171 704 154 692 142 675 129 663 125 646 125Z\"><\/path><\/svg>\t\t\t\t\t<\/div>\n\t\t\t\t\t<div class=\"elementor-swiper-button elementor-swiper-button-next\" role=\"button\" tabindex=\"0\">\n\t\t\t\t\t\t<svg aria-hidden=\"true\" class=\"e-font-icon-svg e-eicon-chevron-right\" viewBox=\"0 0 1000 1000\" xmlns=\"http:\/\/www.w3.org\/2000\/svg\"><path d=\"M696 533C708 521 713 504 713 487 713 471 708 454 696 446L400 146C388 133 375 125 354 125 338 125 325 129 313 142 300 154 292 171 292 187 292 204 296 221 308 233L563 492 304 771C292 783 288 800 288 817 288 833 296 850 308 863 321 871 338 875 354 875 371 875 388 867 400 854L696 533Z\"><\/path><\/svg>\t\t\t\t\t<\/div>\n\t\t\t\t\n\t\t\t\t\t\t\t\t\t<\/div>\n\t\t\t\t\t\t<\/div>\n\t\t\t\t<\/div>\n\t\t\t\t<div class=\"elementor-element elementor-element-d8a510d syd-sticky-section-no elementor-widget elementor-widget-spacer\" data-id=\"d8a510d\" data-element_type=\"widget\" data-e-type=\"widget\" data-widget_type=\"spacer.default\">\n\t\t\t\t<div class=\"elementor-widget-container\">\n\t\t\t\t\t\t\t<div class=\"elementor-spacer\">\n\t\t\t<div class=\"elementor-spacer-inner\"><\/div>\n\t\t<\/div>\n\t\t\t\t\t\t<\/div>\n\t\t\t\t<\/div>\n\t\t\t\t<\/div>\n\t\t\t\t\t<\/div>\n\t\t\t\t<\/div>\n\t\t<div class=\"elementor-element elementor-element-9342a90 animated-slow e-flex e-con-boxed syd-sticky-section-no elementor-invisible e-con e-parent\" data-id=\"9342a90\" data-element_type=\"container\" data-e-type=\"container\" data-settings=\"{&quot;animation&quot;:&quot;fadeIn&quot;}\">\n\t\t\t\t\t<div class=\"e-con-inner\">\n\t\t<div class=\"elementor-element elementor-element-7491ca7 e-con-full e-flex syd-sticky-section-no e-con e-child\" data-id=\"7491ca7\" data-element_type=\"container\" data-e-type=\"container\">\n\t\t\t\t<div class=\"elementor-element elementor-element-83f530b syd-sticky-section-no elementor-widget elementor-widget-heading\" data-id=\"83f530b\" data-element_type=\"widget\" data-e-type=\"widget\" data-widget_type=\"heading.default\">\n\t\t\t\t<div class=\"elementor-widget-container\">\n\t\t\t\t\t<h5 class=\"elementor-heading-title elementor-size-default\">GESCHICHTE DES BOOTES<\/h5>\t\t\t\t<\/div>\n\t\t\t\t<\/div>\n\t\t\t\t<div class=\"elementor-element elementor-element-f74f5bd elementor-widget-divider--view-line syd-sticky-section-no elementor-widget elementor-widget-divider\" data-id=\"f74f5bd\" data-element_type=\"widget\" data-e-type=\"widget\" data-widget_type=\"divider.default\">\n\t\t\t\t<div class=\"elementor-widget-container\">\n\t\t\t\t\t\t\t<div class=\"elementor-divider\">\n\t\t\t<span class=\"elementor-divider-separator\">\n\t\t\t\t\t\t<\/span>\n\t\t<\/div>\n\t\t\t\t\t\t<\/div>\n\t\t\t\t<\/div>\n\t\t\t\t<div class=\"elementor-element elementor-element-5e50fba syd-sticky-section-no elementor-widget elementor-widget-text-editor\" data-id=\"5e50fba\" data-element_type=\"widget\" data-e-type=\"widget\" data-widget_type=\"text-editor.default\">\n\t\t\t\t<div class=\"elementor-widget-container\">\n\t\t\t\t\t\t\t\t\t<p>Sylvkallen wurde 1986 als kombiniertes Passagier- und Ambulanzboot gebaut und hie\u00df urspr\u00fcnglich<br>Prospect. Sie wurde f\u00fcr den Transport und die Versorgung der Bewohner der abgelegenen Inseln vor<br>Sognefjord konzipiert und so gebaut, dass sie selbst den rauesten Wetterbedingungen standh\u00e4lt.<\/p><p>Im Jahr 2009 wurde die Sylvkallen um fast zwei Meter verl\u00e4ngert. Das Steuerhaus wurde umgebaut. Der ehemalige Patientenbehandlungsbereich am Heck wurde in eine Passagierlounge umgewandelt,<br>wodurch sich der Komfort und die Funktionalit\u00e4t verbesserten. Eine weiter Renovierung fand 2020 statt, als die Aufenthaltsbereiche renoviert wurden und die<br>Sylvkallen ihr heutiges Aussehen erhielt.<\/p><p>Ihren Namen bekam sie nach einem 1310 Meter hohen Gipfel in den Sunnm\u00f8re-Alpen, der den<br>Heimathafen des Bootes, <a href=\"https:\/\/christian-gaard.no\/\">Christian Gaard Bygdetun<\/a> in Trandal, Hj\u00f8rundfjord, \u00fcberragt.<\/p>\t\t\t\t\t\t\t\t<\/div>\n\t\t\t\t<\/div>\n\t\t\t\t<div class=\"elementor-element elementor-element-b02638e syd-sticky-section-no elementor-widget elementor-widget-spacer\" data-id=\"b02638e\" data-element_type=\"widget\" data-e-type=\"widget\" data-widget_type=\"spacer.default\">\n\t\t\t\t<div class=\"elementor-widget-container\">\n\t\t\t\t\t\t\t<div class=\"elementor-spacer\">\n\t\t\t<div class=\"elementor-spacer-inner\"><\/div>\n\t\t<\/div>\n\t\t\t\t\t\t<\/div>\n\t\t\t\t<\/div>\n\t\t\t\t<\/div>\n\t\t\t\t\t<\/div>\n\t\t\t\t<\/div>\n\t\t\t\t<\/div>\n\t\t","protected":false},"excerpt":{"rendered":"<p>SYLVKALLEN Unser Schiff MS Sylvkallen ist ein 17 Meter langer Einr\u00fcmpfer mit zwei gem\u00fctlichen Innenr\u00e4umenund einem ger\u00e4umigen Deck. Unser Schiff MS Sylvkallen ist ein 17 Meter langer Einr\u00fcmpfer mit zwei gem\u00fctlichen Innenr\u00e4umenund einem ger\u00e4umigen Deck. Sie ist mit allen [&hellip;]<\/p>\n","protected":false},"author":1,"featured_media":5214,"parent":0,"menu_order":0,"comment_status":"closed","ping_status":"closed","template":"page-templates\/page_front-page.php","meta":{"footnotes":""},"class_list":["post-5402","page","type-page","status-publish","has-post-thumbnail","hentry"],"_links":{"self":[{"href":"https:\/\/njordadventures.com\/de\/wp-json\/wp\/v2\/pages\/5402","targetHints":{"allow":["GET"]}}],"collection":[{"href":"https:\/\/njordadventures.com\/de\/wp-json\/wp\/v2\/pages"}],"about":[{"href":"https:\/\/njordadventures.com\/de\/wp-json\/wp\/v2\/types\/page"}],"author":[{"embeddable":true,"href":"https:\/\/njordadventures.com\/de\/wp-json\/wp\/v2\/users\/1"}],"replies":[{"embeddable":true,"href":"https:\/\/njordadventures.com\/de\/wp-json\/wp\/v2\/comments?post=5402"}],"version-history":[{"count":0,"href":"https:\/\/njordadventures.com\/de\/wp-json\/wp\/v2\/pages\/5402\/revisions"}],"wp:featuredmedia":[{"embeddable":true,"href":"https:\/\/njordadventures.com\/de\/wp-json\/wp\/v2\/media\/5214"}],"wp:attachment":[{"href":"https:\/\/njordadventures.com\/de\/wp-json\/wp\/v2\/media?parent=5402"}],"curies":[{"name":"wp","href":"https:\/\/api.w.org\/{rel}","templated":true}]}}